{"id":21,"date":"2012-10-30T08:08:11","date_gmt":"2012-10-30T08:08:11","guid":{"rendered":"http:\/\/servifred.com\/wordpress\/?page_id=21"},"modified":"2020-05-17T10:34:41","modified_gmt":"2020-05-17T08:34:41","slug":"aire-acondicionado","status":"publish","type":"page","link":"https:\/\/servifred.com\/wordpress\/servicios\/aire-acondicionado\/","title":{"rendered":"Aire acondicionado"},"content":{"rendered":"\t\t<div data-elementor-type=\"wp-page\" data-elementor-id=\"21\" class=\"elementor elementor-21\">\n\t\t\t\t\t\t<section class=\"elementor-section elementor-top-section elementor-element elementor-element-0a4e358 elementor-section-height-min-height elementor-section-boxed elementor-section-height-default elementor-section-items-middle\" data-id=\"0a4e358\" data-element_type=\"section\" data-e-type=\"section\" data-settings=\"{&quot;background_background&quot;:&quot;classic&quot;}\">\n\t\t\t\t\t\t\t<div class=\"elementor-background-overlay\"><\/div>\n\t\t\t\t\t\t\t<div class=\"elementor-container elementor-column-gap-default\">\n\t\t\t\t\t<div class=\"elementor-column elementor-col-100 elementor-top-column elementor-element elementor-element-4d77db0\" data-id=\"4d77db0\" data-element_type=\"column\" data-e-type=\"column\">\n\t\t\t<div class=\"elementor-widget-wrap elementor-element-populated\">\n\t\t\t\t\t\t<div class=\"elementor-element elementor-element-2db0c2d elementor-widget elementor-widget-heading\" data-id=\"2db0c2d\" data-element_type=\"widget\" data-e-type=\"widget\" data-widget_type=\"heading.default\">\n\t\t\t\t<div class=\"elementor-widget-container\">\n\t\t\t\t\t<h1 class=\"elementor-heading-title elementor-size-default\">Aire acondicionado<\/h1>\t\t\t\t<\/div>\n\t\t\t\t<\/div>\n\t\t\t\t\t<\/div>\n\t\t<\/div>\n\t\t\t\t\t<\/div>\n\t\t<\/section>\n\t\t\t\t<section class=\"elementor-section elementor-top-section elementor-element elementor-element-4d52a7c elementor-section-content-middle elementor-section-boxed elementor-section-height-default elementor-section-height-default\" data-id=\"4d52a7c\" data-element_type=\"section\" data-e-type=\"section\">\n\t\t\t\t\t\t<div class=\"elementor-container elementor-column-gap-no\">\n\t\t\t\t\t<div class=\"elementor-column elementor-col-50 elementor-top-column elementor-element elementor-element-4583be96\" data-id=\"4583be96\" data-element_type=\"column\" data-e-type=\"column\">\n\t\t\t<div class=\"elementor-widget-wrap elementor-element-populated\">\n\t\t\t\t\t\t<div class=\"elementor-element elementor-element-41725d87 elementor-widget elementor-widget-media-carousel\" data-id=\"41725d87\" data-element_type=\"widget\" data-e-type=\"widget\" data-widget_type=\"media-carousel.default\">\n\t\t\t\t<div class=\"elementor-widget-container\">\n\t\t\t\t\t \t\t\t\t<\/div>\n\t\t\t\t<\/div>\n\t\t\t\t\t<\/div>\n\t\t<\/div>\n\t\t\t\t<div class=\"elementor-column elementor-col-50 elementor-top-column elementor-element elementor-element-5dedae14\" data-id=\"5dedae14\" data-element_type=\"column\" data-e-type=\"column\" data-settings=\"{&quot;background_background&quot;:&quot;classic&quot;}\">\n\t\t\t<div class=\"elementor-widget-wrap elementor-element-populated\">\n\t\t\t\t\t\t<div class=\"elementor-element elementor-element-329e69f7 elementor-widget elementor-widget-heading\" data-id=\"329e69f7\" data-element_type=\"widget\" data-e-type=\"widget\" data-widget_type=\"heading.default\">\n\t\t\t\t<div class=\"elementor-widget-container\">\n\t\t\t\t\t<h4 class=\"elementor-heading-title elementor-size-default\">Aire acondicionado para tu vivienda<\/h4>\t\t\t\t<\/div>\n\t\t\t\t<\/div>\n\t\t\t\t<div class=\"elementor-element elementor-element-2b40b3c2 elementor-widget__width-initial elementor-widget elementor-widget-text-editor\" data-id=\"2b40b3c2\" data-element_type=\"widget\" data-e-type=\"widget\" data-widget_type=\"text-editor.default\">\n\t\t\t\t<div class=\"elementor-widget-container\">\n\t\t\t\t\t\t\t\t\t<p>Instalamos cualquier tipo de aire acondicionado en tu vivienda.<\/p><p>Nuestros comerciales le asesorar\u00e1n para elegir el mejor sistema calidad\/precio buscando siempre la mejor eficiencia energ\u00e9tica de la instalaci\u00f3n.<\/p><p class=\"photoswipe-wrapper\">Trabajamos con las mejores marcas de mercado para ofrecerle la m\u00e1xima calidad y fiabilidad.<\/p>\t\t\t\t\t\t\t\t<\/div>\n\t\t\t\t<\/div>\n\t\t\t\t<div class=\"elementor-element elementor-element-2115fff elementor-widget elementor-widget-text-editor\" data-id=\"2115fff\" data-element_type=\"widget\" data-e-type=\"widget\" data-widget_type=\"text-editor.default\">\n\t\t\t\t<div class=\"elementor-widget-container\">\n\t\t\t\t\t\t\t\t\t<h2><span style=\"color: #e3001b;\">2 A\u00f1os de Garant\u00eda Total<\/span><\/h2><h2><span style=\"color: #e3001b;\">Financiaci\u00f3n<\/span><span style=\"color: #e3001b;\">\u00a0sin intereses<\/span><\/h2>\t\t\t\t\t\t\t\t<\/div>\n\t\t\t\t<\/div>\n\t\t\t\t<div class=\"elementor-element elementor-element-77acef0 elementor-widget elementor-widget-text-editor\" data-id=\"77acef0\" data-element_type=\"widget\" data-e-type=\"widget\" data-widget_type=\"text-editor.default\">\n\t\t\t\t<div class=\"elementor-widget-container\">\n\t\t\t\t\t\t\t\t\t<p><span style=\"color: #808080;\">* Consulta condiciones en tienda.<\/span><\/p>\t\t\t\t\t\t\t\t<\/div>\n\t\t\t\t<\/div>\n\t\t\t\t\t<\/div>\n\t\t<\/div>\n\t\t\t\t\t<\/div>\n\t\t<\/section>\n\t\t\t\t<section class=\"elementor-section elementor-top-section elementor-element elementor-element-f7fefd1 elementor-section-boxed elementor-section-height-default elementor-section-height-default\" data-id=\"f7fefd1\" data-element_type=\"section\" data-e-type=\"section\">\n\t\t\t\t\t\t<div class=\"elementor-container elementor-column-gap-default\">\n\t\t\t\t\t<div class=\"elementor-column elementor-col-100 elementor-top-column elementor-element elementor-element-0fad75c\" data-id=\"0fad75c\" data-element_type=\"column\" data-e-type=\"column\">\n\t\t\t<div class=\"elementor-widget-wrap elementor-element-populated\">\n\t\t\t\t\t\t<section class=\"elementor-section elementor-inner-section elementor-element elementor-element-bef8723 elementor-section-boxed elementor-section-height-default elementor-section-height-default\" data-id=\"bef8723\" data-element_type=\"section\" data-e-type=\"section\">\n\t\t\t\t\t\t<div class=\"elementor-container elementor-column-gap-wider\">\n\t\t\t\t\t<div class=\"elementor-column elementor-col-25 elementor-inner-column elementor-element elementor-element-8bf8f93\" data-id=\"8bf8f93\" data-element_type=\"column\" data-e-type=\"column\" data-settings=\"{&quot;background_background&quot;:&quot;classic&quot;}\">\n\t\t\t<div class=\"elementor-widget-wrap elementor-element-populated\">\n\t\t\t\t\t\t<div class=\"elementor-element elementor-element-1858b05 elementor-widget elementor-widget-heading\" data-id=\"1858b05\" data-element_type=\"widget\" data-e-type=\"widget\" data-widget_type=\"heading.default\">\n\t\t\t\t<div class=\"elementor-widget-container\">\n\t\t\t\t\t<h2 class=\"elementor-heading-title elementor-size-default\">Split pared<\/h2>\t\t\t\t<\/div>\n\t\t\t\t<\/div>\n\t\t\t\t\t<\/div>\n\t\t<\/div>\n\t\t\t\t<div class=\"elementor-column elementor-col-25 elementor-inner-column elementor-element elementor-element-8562b60\" data-id=\"8562b60\" data-element_type=\"column\" data-e-type=\"column\" data-settings=\"{&quot;background_background&quot;:&quot;classic&quot;}\">\n\t\t\t<div class=\"elementor-widget-wrap elementor-element-populated\">\n\t\t\t\t\t\t<div class=\"elementor-element elementor-element-102c541 elementor-widget elementor-widget-heading\" data-id=\"102c541\" data-element_type=\"widget\" data-e-type=\"widget\" data-widget_type=\"heading.default\">\n\t\t\t\t<div class=\"elementor-widget-container\">\n\t\t\t\t\t<h2 class=\"elementor-heading-title elementor-size-default\">Multi-split<\/h2>\t\t\t\t<\/div>\n\t\t\t\t<\/div>\n\t\t\t\t\t<\/div>\n\t\t<\/div>\n\t\t\t\t<div class=\"elementor-column elementor-col-25 elementor-inner-column elementor-element elementor-element-14fcd12\" data-id=\"14fcd12\" data-element_type=\"column\" data-e-type=\"column\" data-settings=\"{&quot;background_background&quot;:&quot;classic&quot;}\">\n\t\t\t<div class=\"elementor-widget-wrap elementor-element-populated\">\n\t\t\t\t\t\t<div class=\"elementor-element elementor-element-6833c9d elementor-widget elementor-widget-heading\" data-id=\"6833c9d\" data-element_type=\"widget\" data-e-type=\"widget\" data-widget_type=\"heading.default\">\n\t\t\t\t<div class=\"elementor-widget-container\">\n\t\t\t\t\t<h2 class=\"elementor-heading-title elementor-size-default\">Conductos<\/h2>\t\t\t\t<\/div>\n\t\t\t\t<\/div>\n\t\t\t\t\t<\/div>\n\t\t<\/div>\n\t\t\t\t<div class=\"elementor-column elementor-col-25 elementor-inner-column elementor-element elementor-element-354cd51\" data-id=\"354cd51\" data-element_type=\"column\" data-e-type=\"column\" data-settings=\"{&quot;background_background&quot;:&quot;classic&quot;}\">\n\t\t\t<div class=\"elementor-widget-wrap elementor-element-populated\">\n\t\t\t\t\t\t<div class=\"elementor-element elementor-element-019c4dc elementor-widget elementor-widget-heading\" data-id=\"019c4dc\" data-element_type=\"widget\" data-e-type=\"widget\" data-widget_type=\"heading.default\">\n\t\t\t\t<div class=\"elementor-widget-container\">\n\t\t\t\t\t<h2 class=\"elementor-heading-title elementor-size-default\">Cassette<\/h2>\t\t\t\t<\/div>\n\t\t\t\t<\/div>\n\t\t\t\t\t<\/div>\n\t\t<\/div>\n\t\t\t\t\t<\/div>\n\t\t<\/section>\n\t\t\t\t\t<\/div>\n\t\t<\/div>\n\t\t\t\t\t<\/div>\n\t\t<\/section>\n\t\t\t\t<section class=\"elementor-section elementor-top-section elementor-element elementor-element-6b89598 elementor-section-content-middle elementor-section-boxed elementor-section-height-default elementor-section-height-default\" data-id=\"6b89598\" data-element_type=\"section\" data-e-type=\"section\">\n\t\t\t\t\t\t<div class=\"elementor-container elementor-column-gap-no\">\n\t\t\t\t\t<div class=\"elementor-column elementor-col-50 elementor-top-column elementor-element elementor-element-5af7395\" data-id=\"5af7395\" data-element_type=\"column\" data-e-type=\"column\">\n\t\t\t<div class=\"elementor-widget-wrap elementor-element-populated\">\n\t\t\t\t\t\t<div class=\"elementor-element elementor-element-427b7ee elementor-widget elementor-widget-media-carousel\" data-id=\"427b7ee\" data-element_type=\"widget\" data-e-type=\"widget\" data-widget_type=\"media-carousel.default\">\n\t\t\t\t<div class=\"elementor-widget-container\">\n\t\t\t\t\t \t\t\t\t<\/div>\n\t\t\t\t<\/div>\n\t\t\t\t\t<\/div>\n\t\t<\/div>\n\t\t\t\t<div class=\"elementor-column elementor-col-50 elementor-top-column elementor-element elementor-element-93358d1\" data-id=\"93358d1\" data-element_type=\"column\" data-e-type=\"column\" data-settings=\"{&quot;background_background&quot;:&quot;classic&quot;}\">\n\t\t\t<div class=\"elementor-widget-wrap elementor-element-populated\">\n\t\t\t\t\t\t<div class=\"elementor-element elementor-element-d64db60 elementor-widget elementor-widget-heading\" data-id=\"d64db60\" data-element_type=\"widget\" data-e-type=\"widget\" data-widget_type=\"heading.default\">\n\t\t\t\t<div class=\"elementor-widget-container\">\n\t\t\t\t\t<h4 class=\"elementor-heading-title elementor-size-default\">La mejor tempetatura para tu local comercial<\/h4>\t\t\t\t<\/div>\n\t\t\t\t<\/div>\n\t\t\t\t<div class=\"elementor-element elementor-element-36e0e0e elementor-widget__width-initial elementor-widget elementor-widget-text-editor\" data-id=\"36e0e0e\" data-element_type=\"widget\" data-e-type=\"widget\" data-widget_type=\"text-editor.default\">\n\t\t\t\t<div class=\"elementor-widget-container\">\n\t\t\t\t\t\t\t\t\t<p>Instalamos todo tipos de sistemas de aire acondicionado para climatizar locales comerciales, cines, teatros, centros comerciales, naves industriales.<\/p><p>Especialistas en la instalaci\u00f3n de sistemas de tipo VRV y rooftoop para climatizar grandes espacios de la forma mas eficiente.<\/p><p>Nuestro departamento de ingenier\u00eda le hara el estudio t\u00e9rmico para que usted disfrute del confort adaptado a sus necesidades.<\/p>\t\t\t\t\t\t\t\t<\/div>\n\t\t\t\t<\/div>\n\t\t\t\t<div class=\"elementor-element elementor-element-1893550 elementor-widget elementor-widget-text-editor\" data-id=\"1893550\" data-element_type=\"widget\" data-e-type=\"widget\" data-widget_type=\"text-editor.default\">\n\t\t\t\t<div class=\"elementor-widget-container\">\n\t\t\t\t\t\t\t\t\t<h2><span style=\"color: #e3001b;\">Tu instalador de confianza<\/span><\/h2>\t\t\t\t\t\t\t\t<\/div>\n\t\t\t\t<\/div>\n\t\t\t\t\t<\/div>\n\t\t<\/div>\n\t\t\t\t\t<\/div>\n\t\t<\/section>\n\t\t\t\t<section class=\"elementor-section elementor-top-section elementor-element elementor-element-0a18032 elementor-section-boxed elementor-section-height-default elementor-section-height-default\" data-id=\"0a18032\" data-element_type=\"section\" data-e-type=\"section\">\n\t\t\t\t\t\t<div class=\"elementor-container elementor-column-gap-default\">\n\t\t\t\t\t<div class=\"elementor-column elementor-col-100 elementor-top-column elementor-element elementor-element-2c4d656\" data-id=\"2c4d656\" data-element_type=\"column\" data-e-type=\"column\">\n\t\t\t<div class=\"elementor-widget-wrap elementor-element-populated\">\n\t\t\t\t\t\t<section class=\"elementor-section elementor-inner-section elementor-element elementor-element-dbcb95f elementor-section-boxed elementor-section-height-default elementor-section-height-default\" data-id=\"dbcb95f\" data-element_type=\"section\" data-e-type=\"section\">\n\t\t\t\t\t\t<div class=\"elementor-container elementor-column-gap-wider\">\n\t\t\t\t\t<div class=\"elementor-column elementor-col-25 elementor-inner-column elementor-element elementor-element-b8abb09\" data-id=\"b8abb09\" data-element_type=\"column\" data-e-type=\"column\" data-settings=\"{&quot;background_background&quot;:&quot;classic&quot;}\">\n\t\t\t<div class=\"elementor-widget-wrap elementor-element-populated\">\n\t\t\t\t\t\t<div class=\"elementor-element elementor-element-cce2c75 elementor-widget elementor-widget-heading\" data-id=\"cce2c75\" data-element_type=\"widget\" data-e-type=\"widget\" data-widget_type=\"heading.default\">\n\t\t\t\t<div class=\"elementor-widget-container\">\n\t\t\t\t\t<h2 class=\"elementor-heading-title elementor-size-default\">V.R.V.<\/h2>\t\t\t\t<\/div>\n\t\t\t\t<\/div>\n\t\t\t\t\t<\/div>\n\t\t<\/div>\n\t\t\t\t<div class=\"elementor-column elementor-col-25 elementor-inner-column elementor-element elementor-element-1b0388d\" data-id=\"1b0388d\" data-element_type=\"column\" data-e-type=\"column\" data-settings=\"{&quot;background_background&quot;:&quot;classic&quot;}\">\n\t\t\t<div class=\"elementor-widget-wrap elementor-element-populated\">\n\t\t\t\t\t\t<div class=\"elementor-element elementor-element-cfbcde3 elementor-widget elementor-widget-heading\" data-id=\"cfbcde3\" data-element_type=\"widget\" data-e-type=\"widget\" data-widget_type=\"heading.default\">\n\t\t\t\t<div class=\"elementor-widget-container\">\n\t\t\t\t\t<h2 class=\"elementor-heading-title elementor-size-default\">Roof-top<\/h2>\t\t\t\t<\/div>\n\t\t\t\t<\/div>\n\t\t\t\t\t<\/div>\n\t\t<\/div>\n\t\t\t\t<div class=\"elementor-column elementor-col-25 elementor-inner-column elementor-element elementor-element-9aecb89\" data-id=\"9aecb89\" data-element_type=\"column\" data-e-type=\"column\" data-settings=\"{&quot;background_background&quot;:&quot;classic&quot;}\">\n\t\t\t<div class=\"elementor-widget-wrap elementor-element-populated\">\n\t\t\t\t\t\t<div class=\"elementor-element elementor-element-b1222dc elementor-widget elementor-widget-heading\" data-id=\"b1222dc\" data-element_type=\"widget\" data-e-type=\"widget\" data-widget_type=\"heading.default\">\n\t\t\t\t<div class=\"elementor-widget-container\">\n\t\t\t\t\t<h2 class=\"elementor-heading-title elementor-size-default\">Enfriadora<\/h2>\t\t\t\t<\/div>\n\t\t\t\t<\/div>\n\t\t\t\t\t<\/div>\n\t\t<\/div>\n\t\t\t\t<div class=\"elementor-column elementor-col-25 elementor-inner-column elementor-element elementor-element-9f20bf3\" data-id=\"9f20bf3\" data-element_type=\"column\" data-e-type=\"column\" data-settings=\"{&quot;background_background&quot;:&quot;classic&quot;}\">\n\t\t\t<div class=\"elementor-widget-wrap elementor-element-populated\">\n\t\t\t\t\t\t<div class=\"elementor-element elementor-element-0e62d88 elementor-widget elementor-widget-heading\" data-id=\"0e62d88\" data-element_type=\"widget\" data-e-type=\"widget\" data-widget_type=\"heading.default\">\n\t\t\t\t<div class=\"elementor-widget-container\">\n\t\t\t\t\t<h2 class=\"elementor-heading-title elementor-size-default\">Fan coil<\/h2>\t\t\t\t<\/div>\n\t\t\t\t<\/div>\n\t\t\t\t\t<\/div>\n\t\t<\/div>\n\t\t\t\t\t<\/div>\n\t\t<\/section>\n\t\t\t\t\t<\/div>\n\t\t<\/div>\n\t\t\t\t\t<\/div>\n\t\t<\/section>\n\t\t\t\t<\/div>\n\t\t","protected":false},"excerpt":{"rendered":"<p>Aire acondicionado Previous Next Aire acondicionado para tu vivienda Instalamos cualquier tipo de aire acondicionado en tu vivienda. Nuestros comerciales le asesorar\u00e1n para elegir el mejor sistema calidad\/precio buscando siempre la mejor eficiencia energ\u00e9tica de la instalaci\u00f3n. Trabajamos con las mejores marcas de mercado para ofrecerle la m\u00e1xima calidad y fiabilidad. 2 A\u00f1os de Garant\u00eda &#8230; <a title=\"Aire acondicionado\" class=\"read-more\" href=\"https:\/\/servifred.com\/wordpress\/servicios\/aire-acondicionado\/\" aria-label=\"M\u00e1s en Aire acondicionado\">Leer m\u00e1s<\/a><\/p>\n","protected":false},"author":1,"featured_media":0,"parent":2641,"menu_order":0,"comment_status":"closed","ping_status":"closed","template":"elementor_header_footer","meta":{"footnotes":""},"class_list":["post-21","page","type-page","status-publish"],"yoast_head":"<!-- This site is optimized with the Yoast SEO plugin v27.5 - https:\/\/yoast.com\/product\/yoast-seo-wordpress\/ -->\n<title>Aire acondicionado - SERVIFRED<\/title>\n<meta name=\"description\" content=\"Instalaciones de calefacci\u00f3n por suelo radiante.\" \/>\n<meta name=\"robots\" content=\"index, follow, max-snippet:-1, max-image-preview:large, max-video-preview:-1\" \/>\n<link rel=\"canonical\" href=\"https:\/\/servifred.com\/wordpress\/servicios\/aire-acondicionado\/\" \/>\n<meta property=\"og:locale\" content=\"es_ES\" \/>\n<meta property=\"og:type\" content=\"article\" \/>\n<meta property=\"og:title\" content=\"Aire acondicionado - SERVIFRED\" \/>\n<meta property=\"og:description\" content=\"Instalaciones de calefacci\u00f3n por suelo radiante.\" \/>\n<meta property=\"og:url\" content=\"https:\/\/servifred.com\/wordpress\/servicios\/aire-acondicionado\/\" \/>\n<meta property=\"og:site_name\" content=\"SERVIFRED\" \/>\n<meta property=\"article:publisher\" content=\"https:\/\/www.facebook.com\/Servifred\" \/>\n<meta property=\"article:modified_time\" content=\"2020-05-17T08:34:41+00:00\" \/>\n<meta name=\"twitter:card\" content=\"summary_large_image\" \/>\n<meta name=\"twitter:site\" content=\"@servifredroyo\" \/>\n<meta name=\"twitter:label1\" content=\"Tiempo de lectura\" \/>\n\t<meta name=\"twitter:data1\" content=\"1 minuto\" \/>\n<script type=\"application\/ld+json\" class=\"yoast-schema-graph\">{\"@context\":\"https:\\\/\\\/schema.org\",\"@graph\":[{\"@type\":\"WebPage\",\"@id\":\"https:\\\/\\\/servifred.com\\\/wordpress\\\/servicios\\\/aire-acondicionado\\\/\",\"url\":\"https:\\\/\\\/servifred.com\\\/wordpress\\\/servicios\\\/aire-acondicionado\\\/\",\"name\":\"Aire acondicionado - SERVIFRED\",\"isPartOf\":{\"@id\":\"https:\\\/\\\/servifred.com\\\/wordpress\\\/#website\"},\"datePublished\":\"2012-10-30T08:08:11+00:00\",\"dateModified\":\"2020-05-17T08:34:41+00:00\",\"description\":\"Instalaciones de calefacci\u00f3n por suelo radiante.\",\"breadcrumb\":{\"@id\":\"https:\\\/\\\/servifred.com\\\/wordpress\\\/servicios\\\/aire-acondicionado\\\/#breadcrumb\"},\"inLanguage\":\"es\",\"potentialAction\":[{\"@type\":\"ReadAction\",\"target\":[\"https:\\\/\\\/servifred.com\\\/wordpress\\\/servicios\\\/aire-acondicionado\\\/\"]}]},{\"@type\":\"BreadcrumbList\",\"@id\":\"https:\\\/\\\/servifred.com\\\/wordpress\\\/servicios\\\/aire-acondicionado\\\/#breadcrumb\",\"itemListElement\":[{\"@type\":\"ListItem\",\"position\":1,\"name\":\"Portada\",\"item\":\"https:\\\/\\\/servifred.com\\\/wordpress\\\/\"},{\"@type\":\"ListItem\",\"position\":2,\"name\":\"Servicios\",\"item\":\"https:\\\/\\\/servifred.com\\\/wordpress\\\/servicios\\\/\"},{\"@type\":\"ListItem\",\"position\":3,\"name\":\"Aire acondicionado\"}]},{\"@type\":\"WebSite\",\"@id\":\"https:\\\/\\\/servifred.com\\\/wordpress\\\/#website\",\"url\":\"https:\\\/\\\/servifred.com\\\/wordpress\\\/\",\"name\":\"SERVIFRED\",\"description\":\"AIRE ACONDICIONADO\",\"publisher\":{\"@id\":\"https:\\\/\\\/servifred.com\\\/wordpress\\\/#organization\"},\"potentialAction\":[{\"@type\":\"SearchAction\",\"target\":{\"@type\":\"EntryPoint\",\"urlTemplate\":\"https:\\\/\\\/servifred.com\\\/wordpress\\\/?s={search_term_string}\"},\"query-input\":{\"@type\":\"PropertyValueSpecification\",\"valueRequired\":true,\"valueName\":\"search_term_string\"}}],\"inLanguage\":\"es\"},{\"@type\":\"Organization\",\"@id\":\"https:\\\/\\\/servifred.com\\\/wordpress\\\/#organization\",\"name\":\"SERVIFRED\",\"url\":\"https:\\\/\\\/servifred.com\\\/wordpress\\\/\",\"logo\":{\"@type\":\"ImageObject\",\"inLanguage\":\"es\",\"@id\":\"https:\\\/\\\/servifred.com\\\/wordpress\\\/#\\\/schema\\\/logo\\\/image\\\/\",\"url\":\"https:\\\/\\\/servifred.com\\\/wordpress\\\/wp-content\\\/uploads\\\/2020\\\/04\\\/SERVIFRED-TRANS.png\",\"contentUrl\":\"https:\\\/\\\/servifred.com\\\/wordpress\\\/wp-content\\\/uploads\\\/2020\\\/04\\\/SERVIFRED-TRANS.png\",\"width\":1047,\"height\":337,\"caption\":\"SERVIFRED\"},\"image\":{\"@id\":\"https:\\\/\\\/servifred.com\\\/wordpress\\\/#\\\/schema\\\/logo\\\/image\\\/\"},\"sameAs\":[\"https:\\\/\\\/www.facebook.com\\\/Servifred\",\"https:\\\/\\\/x.com\\\/servifredroyo\",\"https:\\\/\\\/al.linkedin.com\\\/company\\\/servifred-royo\"]}]}<\/script>\n<!-- \/ Yoast SEO plugin. -->","yoast_head_json":{"title":"Aire acondicionado - SERVIFRED","description":"Instalaciones de calefacci\u00f3n por suelo radiante.","robots":{"index":"index","follow":"follow","max-snippet":"max-snippet:-1","max-image-preview":"max-image-preview:large","max-video-preview":"max-video-preview:-1"},"canonical":"https:\/\/servifred.com\/wordpress\/servicios\/aire-acondicionado\/","og_locale":"es_ES","og_type":"article","og_title":"Aire acondicionado - SERVIFRED","og_description":"Instalaciones de calefacci\u00f3n por suelo radiante.","og_url":"https:\/\/servifred.com\/wordpress\/servicios\/aire-acondicionado\/","og_site_name":"SERVIFRED","article_publisher":"https:\/\/www.facebook.com\/Servifred","article_modified_time":"2020-05-17T08:34:41+00:00","twitter_card":"summary_large_image","twitter_site":"@servifredroyo","twitter_misc":{"Tiempo de lectura":"1 minuto"},"schema":{"@context":"https:\/\/schema.org","@graph":[{"@type":"WebPage","@id":"https:\/\/servifred.com\/wordpress\/servicios\/aire-acondicionado\/","url":"https:\/\/servifred.com\/wordpress\/servicios\/aire-acondicionado\/","name":"Aire acondicionado - SERVIFRED","isPartOf":{"@id":"https:\/\/servifred.com\/wordpress\/#website"},"datePublished":"2012-10-30T08:08:11+00:00","dateModified":"2020-05-17T08:34:41+00:00","description":"Instalaciones de calefacci\u00f3n por suelo radiante.","breadcrumb":{"@id":"https:\/\/servifred.com\/wordpress\/servicios\/aire-acondicionado\/#breadcrumb"},"inLanguage":"es","potentialAction":[{"@type":"ReadAction","target":["https:\/\/servifred.com\/wordpress\/servicios\/aire-acondicionado\/"]}]},{"@type":"BreadcrumbList","@id":"https:\/\/servifred.com\/wordpress\/servicios\/aire-acondicionado\/#breadcrumb","itemListElement":[{"@type":"ListItem","position":1,"name":"Portada","item":"https:\/\/servifred.com\/wordpress\/"},{"@type":"ListItem","position":2,"name":"Servicios","item":"https:\/\/servifred.com\/wordpress\/servicios\/"},{"@type":"ListItem","position":3,"name":"Aire acondicionado"}]},{"@type":"WebSite","@id":"https:\/\/servifred.com\/wordpress\/#website","url":"https:\/\/servifred.com\/wordpress\/","name":"SERVIFRED","description":"AIRE ACONDICIONADO","publisher":{"@id":"https:\/\/servifred.com\/wordpress\/#organization"},"potentialAction":[{"@type":"SearchAction","target":{"@type":"EntryPoint","urlTemplate":"https:\/\/servifred.com\/wordpress\/?s={search_term_string}"},"query-input":{"@type":"PropertyValueSpecification","valueRequired":true,"valueName":"search_term_string"}}],"inLanguage":"es"},{"@type":"Organization","@id":"https:\/\/servifred.com\/wordpress\/#organization","name":"SERVIFRED","url":"https:\/\/servifred.com\/wordpress\/","logo":{"@type":"ImageObject","inLanguage":"es","@id":"https:\/\/servifred.com\/wordpress\/#\/schema\/logo\/image\/","url":"https:\/\/servifred.com\/wordpress\/wp-content\/uploads\/2020\/04\/SERVIFRED-TRANS.png","contentUrl":"https:\/\/servifred.com\/wordpress\/wp-content\/uploads\/2020\/04\/SERVIFRED-TRANS.png","width":1047,"height":337,"caption":"SERVIFRED"},"image":{"@id":"https:\/\/servifred.com\/wordpress\/#\/schema\/logo\/image\/"},"sameAs":["https:\/\/www.facebook.com\/Servifred","https:\/\/x.com\/servifredroyo","https:\/\/al.linkedin.com\/company\/servifred-royo"]}]}},"_links":{"self":[{"href":"https:\/\/servifred.com\/wordpress\/wp-json\/wp\/v2\/pages\/21","targetHints":{"allow":["GET"]}}],"collection":[{"href":"https:\/\/servifred.com\/wordpress\/wp-json\/wp\/v2\/pages"}],"about":[{"href":"https:\/\/servifred.com\/wordpress\/wp-json\/wp\/v2\/types\/page"}],"author":[{"embeddable":true,"href":"https:\/\/servifred.com\/wordpress\/wp-json\/wp\/v2\/users\/1"}],"replies":[{"embeddable":true,"href":"https:\/\/servifred.com\/wordpress\/wp-json\/wp\/v2\/comments?post=21"}],"version-history":[{"count":427,"href":"https:\/\/servifred.com\/wordpress\/wp-json\/wp\/v2\/pages\/21\/revisions"}],"predecessor-version":[{"id":4194,"href":"https:\/\/servifred.com\/wordpress\/wp-json\/wp\/v2\/pages\/21\/revisions\/4194"}],"up":[{"embeddable":true,"href":"https:\/\/servifred.com\/wordpress\/wp-json\/wp\/v2\/pages\/2641"}],"wp:attachment":[{"href":"https:\/\/servifred.com\/wordpress\/wp-json\/wp\/v2\/media?parent=21"}],"curies":[{"name":"wp","href":"https:\/\/api.w.org\/{rel}","templated":true}]}}