{"id":326,"date":"2012-10-31T13:27:33","date_gmt":"2012-10-31T12:27:33","guid":{"rendered":"http:\/\/servifred.com\/wordpress\/?page_id=326"},"modified":"2020-05-17T10:36:33","modified_gmt":"2020-05-17T08:36:33","slug":"ventilacion","status":"publish","type":"page","link":"https:\/\/servifred.com\/wordpress\/servicios\/ventilacion\/","title":{"rendered":"Ventilacion"},"content":{"rendered":"\t\t<div data-elementor-type=\"wp-page\" data-elementor-id=\"326\" class=\"elementor elementor-326\">\n\t\t\t\t\t\t<section class=\"elementor-section elementor-top-section elementor-element elementor-element-532b1f6 elementor-section-height-min-height elementor-section-boxed elementor-section-height-default elementor-section-items-middle\" data-id=\"532b1f6\" data-element_type=\"section\" data-e-type=\"section\" data-settings=\"{&quot;background_background&quot;:&quot;classic&quot;}\">\n\t\t\t\t\t\t\t<div class=\"elementor-background-overlay\"><\/div>\n\t\t\t\t\t\t\t<div class=\"elementor-container elementor-column-gap-default\">\n\t\t\t\t\t<div class=\"elementor-column elementor-col-100 elementor-top-column elementor-element elementor-element-b250af3\" data-id=\"b250af3\" data-element_type=\"column\" data-e-type=\"column\">\n\t\t\t<div class=\"elementor-widget-wrap elementor-element-populated\">\n\t\t\t\t\t\t<div class=\"elementor-element elementor-element-5282b36 elementor-widget elementor-widget-heading\" data-id=\"5282b36\" data-element_type=\"widget\" data-e-type=\"widget\" data-widget_type=\"heading.default\">\n\t\t\t\t<div class=\"elementor-widget-container\">\n\t\t\t\t\t<h1 class=\"elementor-heading-title elementor-size-default\">Ventilaci\u00f3n<\/h1>\t\t\t\t<\/div>\n\t\t\t\t<\/div>\n\t\t\t\t\t<\/div>\n\t\t<\/div>\n\t\t\t\t\t<\/div>\n\t\t<\/section>\n\t\t\t\t<section class=\"elementor-section elementor-top-section elementor-element elementor-element-e1bfae7 elementor-section-content-middle elementor-section-boxed elementor-section-height-default elementor-section-height-default\" data-id=\"e1bfae7\" data-element_type=\"section\" data-e-type=\"section\">\n\t\t\t\t\t\t<div class=\"elementor-container elementor-column-gap-no\">\n\t\t\t\t\t<div class=\"elementor-column elementor-col-50 elementor-top-column elementor-element elementor-element-7f5cef9\" data-id=\"7f5cef9\" data-element_type=\"column\" data-e-type=\"column\">\n\t\t\t<div class=\"elementor-widget-wrap elementor-element-populated\">\n\t\t\t\t\t\t<div class=\"elementor-element elementor-element-25a9657 elementor-widget elementor-widget-media-carousel\" data-id=\"25a9657\" data-element_type=\"widget\" data-e-type=\"widget\" data-widget_type=\"media-carousel.default\">\n\t\t\t\t<div class=\"elementor-widget-container\">\n\t\t\t\t\t \t\t\t\t<\/div>\n\t\t\t\t<\/div>\n\t\t\t\t\t<\/div>\n\t\t<\/div>\n\t\t\t\t<div class=\"elementor-column elementor-col-50 elementor-top-column elementor-element elementor-element-9df0638\" data-id=\"9df0638\" data-element_type=\"column\" data-e-type=\"column\" data-settings=\"{&quot;background_background&quot;:&quot;classic&quot;}\">\n\t\t\t<div class=\"elementor-widget-wrap elementor-element-populated\">\n\t\t\t\t\t\t<div class=\"elementor-element elementor-element-634005b elementor-widget elementor-widget-heading\" data-id=\"634005b\" data-element_type=\"widget\" data-e-type=\"widget\" data-widget_type=\"heading.default\">\n\t\t\t\t<div class=\"elementor-widget-container\">\n\t\t\t\t\t<h4 class=\"elementor-heading-title elementor-size-default\">Calidad de aire y salud<\/h4>\t\t\t\t<\/div>\n\t\t\t\t<\/div>\n\t\t\t\t<div class=\"elementor-element elementor-element-aec79ca elementor-widget__width-initial elementor-widget elementor-widget-text-editor\" data-id=\"aec79ca\" data-element_type=\"widget\" data-e-type=\"widget\" data-widget_type=\"text-editor.default\">\n\t\t\t\t<div class=\"elementor-widget-container\">\n\t\t\t\t\t\t\t\t\t<p>Instalaciones de ventilaci\u00f3n adaptadas a la nueva normativa RITE vigente, cumpliendo los m\u00e1ximos requisitos de seguridad, salubridad y eficiencia energ\u00e9tica.<\/p><div class=\"post__container__excerpt\"><p class=\"post__container__excerpt__text\">Para la ventilaci\u00f3n eficiente de sus locales, instalamos recuperadores de calor, los cuales son equipos de ventilaci\u00f3n cuya funci\u00f3n principal es la de garantizar la ventilaci\u00f3n eficiente de un espacio interior, a trav\u00e9s de un sistema de intercambio t\u00e9rmico que nos permitir\u00e1 precalentar o preenfriar el aire exterior en el proceso de renovaci\u00f3n del aire interior recuperando un elevado porcentaje de la energ\u00eda consumida por el sistema.<\/p><p>Todo el aire introducido del exterior es filtrado reduciendo as\u00ed el nivel de contaminaci\u00f3n y depur\u00e1ndolo de virus y bacterias a trav\u00e9s de los filtros entrantes y salientes.<\/p><\/div>\t\t\t\t\t\t\t\t<\/div>\n\t\t\t\t<\/div>\n\t\t\t\t<div class=\"elementor-element elementor-element-640e695 elementor-widget elementor-widget-text-editor\" data-id=\"640e695\" data-element_type=\"widget\" data-e-type=\"widget\" data-widget_type=\"text-editor.default\">\n\t\t\t\t<div class=\"elementor-widget-container\">\n\t\t\t\t\t\t\t\t\t<h2><span style=\"color: #e3001b;\">Cumpliendo normativa RITE<\/span><\/h2>\t\t\t\t\t\t\t\t<\/div>\n\t\t\t\t<\/div>\n\t\t\t\t\t<\/div>\n\t\t<\/div>\n\t\t\t\t\t<\/div>\n\t\t<\/section>\n\t\t\t\t<section class=\"elementor-section elementor-top-section elementor-element elementor-element-29cb72a elementor-section-boxed elementor-section-height-default elementor-section-height-default\" data-id=\"29cb72a\" data-element_type=\"section\" data-e-type=\"section\">\n\t\t\t\t\t\t<div class=\"elementor-container elementor-column-gap-default\">\n\t\t\t\t\t<div class=\"elementor-column elementor-col-100 elementor-top-column elementor-element elementor-element-7e939b6\" data-id=\"7e939b6\" data-element_type=\"column\" data-e-type=\"column\">\n\t\t\t<div class=\"elementor-widget-wrap elementor-element-populated\">\n\t\t\t\t\t\t<section class=\"elementor-section elementor-inner-section elementor-element elementor-element-deeeb11 elementor-section-boxed elementor-section-height-default elementor-section-height-default\" data-id=\"deeeb11\" data-element_type=\"section\" data-e-type=\"section\">\n\t\t\t\t\t\t<div class=\"elementor-container elementor-column-gap-wider\">\n\t\t\t\t\t<div class=\"elementor-column elementor-col-25 elementor-inner-column elementor-element elementor-element-3bfc093\" data-id=\"3bfc093\" data-element_type=\"column\" data-e-type=\"column\" data-settings=\"{&quot;background_background&quot;:&quot;classic&quot;}\">\n\t\t\t<div class=\"elementor-widget-wrap elementor-element-populated\">\n\t\t\t\t\t\t<div class=\"elementor-element elementor-element-4c8fa35 elementor-widget elementor-widget-heading\" data-id=\"4c8fa35\" data-element_type=\"widget\" data-e-type=\"widget\" data-widget_type=\"heading.default\">\n\t\t\t\t<div class=\"elementor-widget-container\">\n\t\t\t\t\t<h2 class=\"elementor-heading-title elementor-size-default\">Ventilaci\u00f3n locales comerciales<\/h2>\t\t\t\t<\/div>\n\t\t\t\t<\/div>\n\t\t\t\t\t<\/div>\n\t\t<\/div>\n\t\t\t\t<div class=\"elementor-column elementor-col-25 elementor-inner-column elementor-element elementor-element-575a1c2\" data-id=\"575a1c2\" data-element_type=\"column\" data-e-type=\"column\" data-settings=\"{&quot;background_background&quot;:&quot;classic&quot;}\">\n\t\t\t<div class=\"elementor-widget-wrap elementor-element-populated\">\n\t\t\t\t\t\t<div class=\"elementor-element elementor-element-5da8138 elementor-widget elementor-widget-heading\" data-id=\"5da8138\" data-element_type=\"widget\" data-e-type=\"widget\" data-widget_type=\"heading.default\">\n\t\t\t\t<div class=\"elementor-widget-container\">\n\t\t\t\t\t<h2 class=\"elementor-heading-title elementor-size-default\">Ventilaci\u00f3n parking<\/h2>\t\t\t\t<\/div>\n\t\t\t\t<\/div>\n\t\t\t\t\t<\/div>\n\t\t<\/div>\n\t\t\t\t<div class=\"elementor-column elementor-col-25 elementor-inner-column elementor-element elementor-element-94a19d3\" data-id=\"94a19d3\" data-element_type=\"column\" data-e-type=\"column\" data-settings=\"{&quot;background_background&quot;:&quot;classic&quot;}\">\n\t\t\t<div class=\"elementor-widget-wrap elementor-element-populated\">\n\t\t\t\t\t\t<div class=\"elementor-element elementor-element-d763f5d elementor-widget elementor-widget-heading\" data-id=\"d763f5d\" data-element_type=\"widget\" data-e-type=\"widget\" data-widget_type=\"heading.default\">\n\t\t\t\t<div class=\"elementor-widget-container\">\n\t\t\t\t\t<h2 class=\"elementor-heading-title elementor-size-default\">Ventilaci\u00f3n viviendas<\/h2>\t\t\t\t<\/div>\n\t\t\t\t<\/div>\n\t\t\t\t\t<\/div>\n\t\t<\/div>\n\t\t\t\t<div class=\"elementor-column elementor-col-25 elementor-inner-column elementor-element elementor-element-a29ebd5\" data-id=\"a29ebd5\" data-element_type=\"column\" data-e-type=\"column\" data-settings=\"{&quot;background_background&quot;:&quot;classic&quot;}\">\n\t\t\t<div class=\"elementor-widget-wrap elementor-element-populated\">\n\t\t\t\t\t\t<div class=\"elementor-element elementor-element-a90028a elementor-widget elementor-widget-heading\" data-id=\"a90028a\" data-element_type=\"widget\" data-e-type=\"widget\" data-widget_type=\"heading.default\">\n\t\t\t\t<div class=\"elementor-widget-container\">\n\t\t\t\t\t<h2 class=\"elementor-heading-title elementor-size-default\">Extracci\u00f3n de cocinas<\/h2>\t\t\t\t<\/div>\n\t\t\t\t<\/div>\n\t\t\t\t\t<\/div>\n\t\t<\/div>\n\t\t\t\t\t<\/div>\n\t\t<\/section>\n\t\t\t\t\t<\/div>\n\t\t<\/div>\n\t\t\t\t\t<\/div>\n\t\t<\/section>\n\t\t\t\t<\/div>\n\t\t","protected":false},"excerpt":{"rendered":"<p>Ventilaci\u00f3n Previous Next Calidad de aire y salud Instalaciones de ventilaci\u00f3n adaptadas a la nueva normativa RITE vigente, cumpliendo los m\u00e1ximos requisitos de seguridad, salubridad y eficiencia energ\u00e9tica. Para la ventilaci\u00f3n eficiente de sus locales, instalamos recuperadores de calor, los cuales son equipos de ventilaci\u00f3n cuya funci\u00f3n principal es la de garantizar la ventilaci\u00f3n eficiente &#8230; <a title=\"Ventilacion\" class=\"read-more\" href=\"https:\/\/servifred.com\/wordpress\/servicios\/ventilacion\/\" aria-label=\"M\u00e1s en Ventilacion\">Leer m\u00e1s<\/a><\/p>\n","protected":false},"author":1,"featured_media":0,"parent":2641,"menu_order":0,"comment_status":"closed","ping_status":"closed","template":"elementor_header_footer","meta":{"footnotes":""},"class_list":["post-326","page","type-page","status-publish"],"yoast_head":"<!-- This site is optimized with the Yoast SEO plugin v27.6 - https:\/\/yoast.com\/product\/yoast-seo-wordpress\/ -->\n<title>Ventilacion - SERVIFRED<\/title>\n<meta name=\"description\" content=\"Instalamos los sistemas de extracci\u00f3n y aportaci\u00f3n de aire siempre segun normativa RITE para obtener la mejor calidad de aire.\" \/>\n<meta name=\"robots\" content=\"index, follow, max-snippet:-1, max-image-preview:large, max-video-preview:-1\" \/>\n<link rel=\"canonical\" href=\"https:\/\/servifred.com\/wordpress\/servicios\/ventilacion\/\" \/>\n<meta property=\"og:locale\" content=\"es_ES\" \/>\n<meta property=\"og:type\" content=\"article\" \/>\n<meta property=\"og:title\" content=\"Ventilacion - SERVIFRED\" \/>\n<meta property=\"og:description\" content=\"Instalamos los sistemas de extracci\u00f3n y aportaci\u00f3n de aire siempre segun normativa RITE para obtener la mejor calidad de aire.\" \/>\n<meta property=\"og:url\" content=\"https:\/\/servifred.com\/wordpress\/servicios\/ventilacion\/\" \/>\n<meta property=\"og:site_name\" content=\"SERVIFRED\" \/>\n<meta property=\"article:publisher\" content=\"https:\/\/www.facebook.com\/Servifred\" \/>\n<meta property=\"article:modified_time\" content=\"2020-05-17T08:36:33+00:00\" \/>\n<meta name=\"twitter:card\" content=\"summary_large_image\" \/>\n<meta name=\"twitter:site\" content=\"@servifredroyo\" \/>\n<meta name=\"twitter:label1\" content=\"Tiempo de lectura\" \/>\n\t<meta name=\"twitter:data1\" content=\"1 minuto\" \/>\n<script type=\"application\/ld+json\" class=\"yoast-schema-graph\">{\"@context\":\"https:\\\/\\\/schema.org\",\"@graph\":[{\"@type\":\"WebPage\",\"@id\":\"https:\\\/\\\/servifred.com\\\/wordpress\\\/servicios\\\/ventilacion\\\/\",\"url\":\"https:\\\/\\\/servifred.com\\\/wordpress\\\/servicios\\\/ventilacion\\\/\",\"name\":\"Ventilacion - SERVIFRED\",\"isPartOf\":{\"@id\":\"https:\\\/\\\/servifred.com\\\/wordpress\\\/#website\"},\"datePublished\":\"2012-10-31T12:27:33+00:00\",\"dateModified\":\"2020-05-17T08:36:33+00:00\",\"description\":\"Instalamos los sistemas de extracci\u00f3n y aportaci\u00f3n de aire siempre segun normativa RITE para obtener la mejor calidad de aire.\",\"breadcrumb\":{\"@id\":\"https:\\\/\\\/servifred.com\\\/wordpress\\\/servicios\\\/ventilacion\\\/#breadcrumb\"},\"inLanguage\":\"es\",\"potentialAction\":[{\"@type\":\"ReadAction\",\"target\":[\"https:\\\/\\\/servifred.com\\\/wordpress\\\/servicios\\\/ventilacion\\\/\"]}]},{\"@type\":\"BreadcrumbList\",\"@id\":\"https:\\\/\\\/servifred.com\\\/wordpress\\\/servicios\\\/ventilacion\\\/#breadcrumb\",\"itemListElement\":[{\"@type\":\"ListItem\",\"position\":1,\"name\":\"Portada\",\"item\":\"https:\\\/\\\/servifred.com\\\/wordpress\\\/\"},{\"@type\":\"ListItem\",\"position\":2,\"name\":\"Servicios\",\"item\":\"https:\\\/\\\/servifred.com\\\/wordpress\\\/servicios\\\/\"},{\"@type\":\"ListItem\",\"position\":3,\"name\":\"Ventilacion\"}]},{\"@type\":\"WebSite\",\"@id\":\"https:\\\/\\\/servifred.com\\\/wordpress\\\/#website\",\"url\":\"https:\\\/\\\/servifred.com\\\/wordpress\\\/\",\"name\":\"SERVIFRED\",\"description\":\"AIRE ACONDICIONADO\",\"publisher\":{\"@id\":\"https:\\\/\\\/servifred.com\\\/wordpress\\\/#organization\"},\"potentialAction\":[{\"@type\":\"SearchAction\",\"target\":{\"@type\":\"EntryPoint\",\"urlTemplate\":\"https:\\\/\\\/servifred.com\\\/wordpress\\\/?s={search_term_string}\"},\"query-input\":{\"@type\":\"PropertyValueSpecification\",\"valueRequired\":true,\"valueName\":\"search_term_string\"}}],\"inLanguage\":\"es\"},{\"@type\":\"Organization\",\"@id\":\"https:\\\/\\\/servifred.com\\\/wordpress\\\/#organization\",\"name\":\"SERVIFRED\",\"url\":\"https:\\\/\\\/servifred.com\\\/wordpress\\\/\",\"logo\":{\"@type\":\"ImageObject\",\"inLanguage\":\"es\",\"@id\":\"https:\\\/\\\/servifred.com\\\/wordpress\\\/#\\\/schema\\\/logo\\\/image\\\/\",\"url\":\"https:\\\/\\\/servifred.com\\\/wordpress\\\/wp-content\\\/uploads\\\/2020\\\/04\\\/SERVIFRED-TRANS.png\",\"contentUrl\":\"https:\\\/\\\/servifred.com\\\/wordpress\\\/wp-content\\\/uploads\\\/2020\\\/04\\\/SERVIFRED-TRANS.png\",\"width\":1047,\"height\":337,\"caption\":\"SERVIFRED\"},\"image\":{\"@id\":\"https:\\\/\\\/servifred.com\\\/wordpress\\\/#\\\/schema\\\/logo\\\/image\\\/\"},\"sameAs\":[\"https:\\\/\\\/www.facebook.com\\\/Servifred\",\"https:\\\/\\\/x.com\\\/servifredroyo\",\"https:\\\/\\\/al.linkedin.com\\\/company\\\/servifred-royo\"]}]}<\/script>\n<!-- \/ Yoast SEO plugin. -->","yoast_head_json":{"title":"Ventilacion - SERVIFRED","description":"Instalamos los sistemas de extracci\u00f3n y aportaci\u00f3n de aire siempre segun normativa RITE para obtener la mejor calidad de aire.","robots":{"index":"index","follow":"follow","max-snippet":"max-snippet:-1","max-image-preview":"max-image-preview:large","max-video-preview":"max-video-preview:-1"},"canonical":"https:\/\/servifred.com\/wordpress\/servicios\/ventilacion\/","og_locale":"es_ES","og_type":"article","og_title":"Ventilacion - SERVIFRED","og_description":"Instalamos los sistemas de extracci\u00f3n y aportaci\u00f3n de aire siempre segun normativa RITE para obtener la mejor calidad de aire.","og_url":"https:\/\/servifred.com\/wordpress\/servicios\/ventilacion\/","og_site_name":"SERVIFRED","article_publisher":"https:\/\/www.facebook.com\/Servifred","article_modified_time":"2020-05-17T08:36:33+00:00","twitter_card":"summary_large_image","twitter_site":"@servifredroyo","twitter_misc":{"Tiempo de lectura":"1 minuto"},"schema":{"@context":"https:\/\/schema.org","@graph":[{"@type":"WebPage","@id":"https:\/\/servifred.com\/wordpress\/servicios\/ventilacion\/","url":"https:\/\/servifred.com\/wordpress\/servicios\/ventilacion\/","name":"Ventilacion - SERVIFRED","isPartOf":{"@id":"https:\/\/servifred.com\/wordpress\/#website"},"datePublished":"2012-10-31T12:27:33+00:00","dateModified":"2020-05-17T08:36:33+00:00","description":"Instalamos los sistemas de extracci\u00f3n y aportaci\u00f3n de aire siempre segun normativa RITE para obtener la mejor calidad de aire.","breadcrumb":{"@id":"https:\/\/servifred.com\/wordpress\/servicios\/ventilacion\/#breadcrumb"},"inLanguage":"es","potentialAction":[{"@type":"ReadAction","target":["https:\/\/servifred.com\/wordpress\/servicios\/ventilacion\/"]}]},{"@type":"BreadcrumbList","@id":"https:\/\/servifred.com\/wordpress\/servicios\/ventilacion\/#breadcrumb","itemListElement":[{"@type":"ListItem","position":1,"name":"Portada","item":"https:\/\/servifred.com\/wordpress\/"},{"@type":"ListItem","position":2,"name":"Servicios","item":"https:\/\/servifred.com\/wordpress\/servicios\/"},{"@type":"ListItem","position":3,"name":"Ventilacion"}]},{"@type":"WebSite","@id":"https:\/\/servifred.com\/wordpress\/#website","url":"https:\/\/servifred.com\/wordpress\/","name":"SERVIFRED","description":"AIRE ACONDICIONADO","publisher":{"@id":"https:\/\/servifred.com\/wordpress\/#organization"},"potentialAction":[{"@type":"SearchAction","target":{"@type":"EntryPoint","urlTemplate":"https:\/\/servifred.com\/wordpress\/?s={search_term_string}"},"query-input":{"@type":"PropertyValueSpecification","valueRequired":true,"valueName":"search_term_string"}}],"inLanguage":"es"},{"@type":"Organization","@id":"https:\/\/servifred.com\/wordpress\/#organization","name":"SERVIFRED","url":"https:\/\/servifred.com\/wordpress\/","logo":{"@type":"ImageObject","inLanguage":"es","@id":"https:\/\/servifred.com\/wordpress\/#\/schema\/logo\/image\/","url":"https:\/\/servifred.com\/wordpress\/wp-content\/uploads\/2020\/04\/SERVIFRED-TRANS.png","contentUrl":"https:\/\/servifred.com\/wordpress\/wp-content\/uploads\/2020\/04\/SERVIFRED-TRANS.png","width":1047,"height":337,"caption":"SERVIFRED"},"image":{"@id":"https:\/\/servifred.com\/wordpress\/#\/schema\/logo\/image\/"},"sameAs":["https:\/\/www.facebook.com\/Servifred","https:\/\/x.com\/servifredroyo","https:\/\/al.linkedin.com\/company\/servifred-royo"]}]}},"_links":{"self":[{"href":"https:\/\/servifred.com\/wordpress\/wp-json\/wp\/v2\/pages\/326","targetHints":{"allow":["GET"]}}],"collection":[{"href":"https:\/\/servifred.com\/wordpress\/wp-json\/wp\/v2\/pages"}],"about":[{"href":"https:\/\/servifred.com\/wordpress\/wp-json\/wp\/v2\/types\/page"}],"author":[{"embeddable":true,"href":"https:\/\/servifred.com\/wordpress\/wp-json\/wp\/v2\/users\/1"}],"replies":[{"embeddable":true,"href":"https:\/\/servifred.com\/wordpress\/wp-json\/wp\/v2\/comments?post=326"}],"version-history":[{"count":67,"href":"https:\/\/servifred.com\/wordpress\/wp-json\/wp\/v2\/pages\/326\/revisions"}],"predecessor-version":[{"id":4106,"href":"https:\/\/servifred.com\/wordpress\/wp-json\/wp\/v2\/pages\/326\/revisions\/4106"}],"up":[{"embeddable":true,"href":"https:\/\/servifred.com\/wordpress\/wp-json\/wp\/v2\/pages\/2641"}],"wp:attachment":[{"href":"https:\/\/servifred.com\/wordpress\/wp-json\/wp\/v2\/media?parent=326"}],"curies":[{"name":"wp","href":"https:\/\/api.w.org\/{rel}","templated":true}]}}