{"id":352,"date":"2012-10-31T14:07:36","date_gmt":"2012-10-31T13:07:36","guid":{"rendered":"http:\/\/servifred.com\/wordpress\/?page_id=352"},"modified":"2020-04-26T18:16:07","modified_gmt":"2020-04-26T16:16:07","slug":"mantenimiento","status":"publish","type":"page","link":"https:\/\/servifred.com\/wordpress\/servifred-royo\/mantenimiento\/","title":{"rendered":"Mantenimiento"},"content":{"rendered":"\t\t<div data-elementor-type=\"wp-page\" data-elementor-id=\"352\" class=\"elementor elementor-352\">\n\t\t\t\t\t\t<section class=\"elementor-section elementor-top-section elementor-element elementor-element-f2f02d8 elementor-section-height-min-height elementor-section-boxed elementor-section-height-default elementor-section-items-middle\" data-id=\"f2f02d8\" data-element_type=\"section\" data-e-type=\"section\">\n\t\t\t\t\t\t\t<div class=\"elementor-background-overlay\"><\/div>\n\t\t\t\t\t\t\t<div class=\"elementor-container elementor-column-gap-default\">\n\t\t\t\t\t<div class=\"elementor-column elementor-col-100 elementor-top-column elementor-element elementor-element-69d72a4\" data-id=\"69d72a4\" data-element_type=\"column\" data-e-type=\"column\">\n\t\t\t<div class=\"elementor-widget-wrap elementor-element-populated\">\n\t\t\t\t\t\t<div class=\"elementor-element elementor-element-76cae3d elementor-widget elementor-widget-heading\" data-id=\"76cae3d\" data-element_type=\"widget\" data-e-type=\"widget\" data-widget_type=\"heading.default\">\n\t\t\t\t<div class=\"elementor-widget-container\">\n\t\t\t\t\t<h1 class=\"elementor-heading-title elementor-size-default\">Mantenimiento<\/h1>\t\t\t\t<\/div>\n\t\t\t\t<\/div>\n\t\t\t\t\t<\/div>\n\t\t<\/div>\n\t\t\t\t\t<\/div>\n\t\t<\/section>\n\t\t\t\t<section class=\"elementor-section elementor-top-section elementor-element elementor-element-bd5bcd6 elementor-section-boxed elementor-section-height-default elementor-section-height-default\" data-id=\"bd5bcd6\" data-element_type=\"section\" data-e-type=\"section\">\n\t\t\t\t\t\t<div class=\"elementor-container elementor-column-gap-default\">\n\t\t\t\t\t<div class=\"elementor-column elementor-col-50 elementor-top-column elementor-element elementor-element-12d518a\" data-id=\"12d518a\" data-element_type=\"column\" data-e-type=\"column\">\n\t\t\t<div class=\"elementor-widget-wrap elementor-element-populated\">\n\t\t\t\t\t\t<div class=\"elementor-element elementor-element-d3c41fc elementor-widget elementor-widget-text-editor\" data-id=\"d3c41fc\" data-element_type=\"widget\" data-e-type=\"widget\" data-widget_type=\"text-editor.default\">\n\t\t\t\t<div class=\"elementor-widget-container\">\n\t\t\t\t\t\t\t\t\t<h2>Somos una empresa de climatizaci\u00f3n referente en Valencia dedicada al mantenimiento de locales de p\u00fablica concurrencia, como cines, teatros, auditorios, zonas de ocio, comercios&#8230;<\/h2>\t\t\t\t\t\t\t\t<\/div>\n\t\t\t\t<\/div>\n\t\t\t\t\t<\/div>\n\t\t<\/div>\n\t\t\t\t<div class=\"elementor-column elementor-col-50 elementor-top-column elementor-element elementor-element-fa2eae0\" data-id=\"fa2eae0\" data-element_type=\"column\" data-e-type=\"column\">\n\t\t\t<div class=\"elementor-widget-wrap elementor-element-populated\">\n\t\t\t\t\t\t<div class=\"elementor-element elementor-element-4a5ffa6 elementor-widget elementor-widget-text-editor\" data-id=\"4a5ffa6\" data-element_type=\"widget\" data-e-type=\"widget\" data-widget_type=\"text-editor.default\">\n\t\t\t\t<div class=\"elementor-widget-container\">\n\t\t\t\t\t\t\t\t\t<p>Con nuestro servicio de mantenimiento de aire acondicionado, usted puede alargar la vida de sus equipos y mantener el aire del ambiente siempre limpio, puro y sin bacterias, as\u00ed como detectar alguna\u00a0anomal\u00eda\u00a0antes de que suceda cualquier aver\u00eda.<\/p><p>Contrate nuestro servicio de mantenimiento de aire acondicionado, y le realizaremos un estudio inicial del estado de la instalaci\u00f3n y de las tareas de mantenimiento recomendas a realizar.<\/p>\t\t\t\t\t\t\t\t<\/div>\n\t\t\t\t<\/div>\n\t\t\t\t\t<\/div>\n\t\t<\/div>\n\t\t\t\t\t<\/div>\n\t\t<\/section>\n\t\t\t\t<section class=\"elementor-section elementor-top-section elementor-element elementor-element-252ff6f elementor-section-boxed elementor-section-height-default elementor-section-height-default\" data-id=\"252ff6f\" data-element_type=\"section\" data-e-type=\"section\">\n\t\t\t\t\t\t<div class=\"elementor-container elementor-column-gap-default\">\n\t\t\t\t\t<div class=\"elementor-column elementor-col-100 elementor-top-column elementor-element elementor-element-b820997\" data-id=\"b820997\" data-element_type=\"column\" data-e-type=\"column\">\n\t\t\t<div class=\"elementor-widget-wrap elementor-element-populated\">\n\t\t\t\t\t\t<div class=\"elementor-element elementor-element-85dca83 elementor-widget elementor-widget-image\" data-id=\"85dca83\" data-element_type=\"widget\" data-e-type=\"widget\" data-widget_type=\"image.default\">\n\t\t\t\t<div class=\"elementor-widget-container\">\n\t\t\t\t\t\t\t\t\t\t\t\t\t\t\t<img fetchpriority=\"high\" decoding=\"async\" width=\"1024\" height=\"295\" src=\"https:\/\/servifred.com\/wordpress\/wp-content\/uploads\/2020\/04\/CTA-Home-1024x295.png\" class=\"attachment-large size-large wp-image-3690\" alt=\"\" srcset=\"https:\/\/servifred.com\/wordpress\/wp-content\/uploads\/2020\/04\/CTA-Home-1024x295.png 1024w, https:\/\/servifred.com\/wordpress\/wp-content\/uploads\/2020\/04\/CTA-Home-300x86.png 300w, https:\/\/servifred.com\/wordpress\/wp-content\/uploads\/2020\/04\/CTA-Home-768x221.png 768w, https:\/\/servifred.com\/wordpress\/wp-content\/uploads\/2020\/04\/CTA-Home-1536x442.png 1536w, https:\/\/servifred.com\/wordpress\/wp-content\/uploads\/2020\/04\/CTA-Home.png 1920w\" sizes=\"(max-width: 1024px) 100vw, 1024px\" \/>\t\t\t\t\t\t\t\t\t\t\t\t\t\t\t<\/div>\n\t\t\t\t<\/div>\n\t\t\t\t\t<\/div>\n\t\t<\/div>\n\t\t\t\t\t<\/div>\n\t\t<\/section>\n\t\t\t\t<section class=\"elementor-section elementor-top-section elementor-element elementor-element-c971d92 elementor-section-boxed elementor-section-height-default elementor-section-height-default\" data-id=\"c971d92\" data-element_type=\"section\" data-e-type=\"section\">\n\t\t\t\t\t\t<div class=\"elementor-container elementor-column-gap-default\">\n\t\t\t\t\t<div class=\"elementor-column elementor-col-50 elementor-top-column elementor-element elementor-element-3a60599\" data-id=\"3a60599\" data-element_type=\"column\" data-e-type=\"column\" data-settings=\"{&quot;background_background&quot;:&quot;classic&quot;}\">\n\t\t\t<div class=\"elementor-widget-wrap elementor-element-populated\">\n\t\t\t\t\t\t<div class=\"elementor-element elementor-element-c359758 elementor-view-default elementor-widget elementor-widget-icon\" data-id=\"c359758\" data-element_type=\"widget\" data-e-type=\"widget\" data-widget_type=\"icon.default\">\n\t\t\t\t<div class=\"elementor-widget-container\">\n\t\t\t\t\t\t\t<div class=\"elementor-icon-wrapper\">\n\t\t\t<div class=\"elementor-icon elementor-animation-grow\">\n\t\t\t<i aria-hidden=\"true\" class=\"far fa-check-circle\"><\/i>\t\t\t<\/div>\n\t\t<\/div>\n\t\t\t\t\t\t<\/div>\n\t\t\t\t<\/div>\n\t\t\t\t<div class=\"elementor-element elementor-element-8bb9bae elementor-widget elementor-widget-image-box\" data-id=\"8bb9bae\" data-element_type=\"widget\" data-e-type=\"widget\" data-widget_type=\"image-box.default\">\n\t\t\t\t<div class=\"elementor-widget-container\">\n\t\t\t\t\t<div class=\"elementor-image-box-wrapper\"><div class=\"elementor-image-box-content\"><h3 class=\"elementor-image-box-title\">Preventivo<\/h3><p class=\"elementor-image-box-description\">Revisiones peri\u00f3dicas programadas de inspecci\u00f3n y comprobaci\u00f3n de funcionamiento de sus instalaciones.<\/p><\/div><\/div>\t\t\t\t<\/div>\n\t\t\t\t<\/div>\n\t\t\t\t\t<\/div>\n\t\t<\/div>\n\t\t\t\t<div class=\"elementor-column elementor-col-50 elementor-top-column elementor-element elementor-element-dcb48c8\" data-id=\"dcb48c8\" data-element_type=\"column\" data-e-type=\"column\">\n\t\t\t<div class=\"elementor-widget-wrap elementor-element-populated\">\n\t\t\t\t\t\t<div class=\"elementor-element elementor-element-65e8987 elementor-widget elementor-widget-text-editor\" data-id=\"65e8987\" data-element_type=\"widget\" data-e-type=\"widget\" data-widget_type=\"text-editor.default\">\n\t\t\t\t<div class=\"elementor-widget-container\">\n\t\t\t\t\t\t\t\t\t<ul>\n \t<li>Elaboraci\u00f3n de programas de mantenimiento personalizados segun RITE.<\/li><\/br>\n \t<li>Revisiones peri\u00f3dicas a la instalaci\u00f3n para mantenerla en condiciones \u00f3ptimas de funcionamiento y limpieza.<\/li><\/br>\n \t<li>Substituci\u00f3n y limpieza de filtros, baterias, cambio de aceites, cambio de correas, entre otros.<\/li><\/br>\n \t<li>Informes de funcionamiento de la instalaci\u00f3n y propuestas para la optimizaci\u00f3n y mejora de la eficiencia energ\u00e9tica de la instalaci\u00f3n.<\/li><\/br>\n<\/ul>\t\t\t\t\t\t\t\t<\/div>\n\t\t\t\t<\/div>\n\t\t\t\t\t<\/div>\n\t\t<\/div>\n\t\t\t\t\t<\/div>\n\t\t<\/section>\n\t\t\t\t<section class=\"elementor-section elementor-top-section elementor-element elementor-element-b736f37 elementor-section-boxed elementor-section-height-default elementor-section-height-default\" data-id=\"b736f37\" data-element_type=\"section\" data-e-type=\"section\">\n\t\t\t\t\t\t<div class=\"elementor-container elementor-column-gap-default\">\n\t\t\t\t\t<div class=\"elementor-column elementor-col-50 elementor-top-column elementor-element elementor-element-b08c4d1\" data-id=\"b08c4d1\" data-element_type=\"column\" data-e-type=\"column\" data-settings=\"{&quot;background_background&quot;:&quot;classic&quot;}\">\n\t\t\t<div class=\"elementor-widget-wrap elementor-element-populated\">\n\t\t\t\t\t\t<div class=\"elementor-element elementor-element-2e493e5 elementor-view-default elementor-widget elementor-widget-icon\" data-id=\"2e493e5\" data-element_type=\"widget\" data-e-type=\"widget\" data-widget_type=\"icon.default\">\n\t\t\t\t<div class=\"elementor-widget-container\">\n\t\t\t\t\t\t\t<div class=\"elementor-icon-wrapper\">\n\t\t\t<div class=\"elementor-icon elementor-animation-grow\">\n\t\t\t<i aria-hidden=\"true\" class=\"fas fa-tools\"><\/i>\t\t\t<\/div>\n\t\t<\/div>\n\t\t\t\t\t\t<\/div>\n\t\t\t\t<\/div>\n\t\t\t\t<div class=\"elementor-element elementor-element-62fa6df elementor-widget elementor-widget-image-box\" data-id=\"62fa6df\" data-element_type=\"widget\" data-e-type=\"widget\" data-widget_type=\"image-box.default\">\n\t\t\t\t<div class=\"elementor-widget-container\">\n\t\t\t\t\t<div class=\"elementor-image-box-wrapper\"><div class=\"elementor-image-box-content\"><h3 class=\"elementor-image-box-title\">Correctivo<\/h3><p class=\"elementor-image-box-description\">Actuaciones necesarias con la finalidad de corregir los defectos observados en las instalaciones de climatizaci\u00f3n.<\/p><\/div><\/div>\t\t\t\t<\/div>\n\t\t\t\t<\/div>\n\t\t\t\t\t<\/div>\n\t\t<\/div>\n\t\t\t\t<div class=\"elementor-column elementor-col-50 elementor-top-column elementor-element elementor-element-3c2790e\" data-id=\"3c2790e\" data-element_type=\"column\" data-e-type=\"column\">\n\t\t\t<div class=\"elementor-widget-wrap elementor-element-populated\">\n\t\t\t\t\t\t<div class=\"elementor-element elementor-element-75c17ab elementor-widget elementor-widget-text-editor\" data-id=\"75c17ab\" data-element_type=\"widget\" data-e-type=\"widget\" data-widget_type=\"text-editor.default\">\n\t\t\t\t<div class=\"elementor-widget-container\">\n\t\t\t\t\t\t\t\t\t<ul>\n \t<li>Lozalizaci\u00f3n de aver\u00edas.<\/li><\/br>\n \t<li>Sustituci\u00f3n o reparaci\u00f3n de elementos defectuosos encontrados en las revisiones periodicas de mantenimiento.<\/li><\/br>\n \t<li>Servicio urgente 17 horas al dia, 365 dias al a\u00f1o, incluido fin de semana (7:00 a 24:00). <\/br>\nRespuesta 24-48 horas m\u00e1ximo.<\/br>\n*Consultar condiciones en nuestras oficinas.<\/li><\/br>\n<\/ul>\t\t\t\t\t\t\t\t<\/div>\n\t\t\t\t<\/div>\n\t\t\t\t\t<\/div>\n\t\t<\/div>\n\t\t\t\t\t<\/div>\n\t\t<\/section>\n\t\t\t\t<\/div>\n\t\t","protected":false},"excerpt":{"rendered":"<p>Mantenimiento Somos una empresa de climatizaci\u00f3n referente en Valencia dedicada al mantenimiento de locales de p\u00fablica concurrencia, como cines, teatros, auditorios, zonas de ocio, comercios&#8230; Con nuestro servicio de mantenimiento de aire acondicionado, usted puede alargar la vida de sus equipos y mantener el aire del ambiente siempre limpio, puro y sin bacterias, as\u00ed como &#8230; <a title=\"Mantenimiento\" class=\"read-more\" href=\"https:\/\/servifred.com\/wordpress\/servifred-royo\/mantenimiento\/\" aria-label=\"M\u00e1s en Mantenimiento\">Leer m\u00e1s<\/a><\/p>\n","protected":false},"author":1,"featured_media":0,"parent":2,"menu_order":0,"comment_status":"closed","ping_status":"closed","template":"elementor_header_footer","meta":{"footnotes":""},"class_list":["post-352","page","type-page","status-publish"],"yoast_head":"<!-- This site is optimized with the Yoast SEO plugin v27.3 - https:\/\/yoast.com\/product\/yoast-seo-wordpress\/ -->\n<title>Mantenimiento - SERVIFRED<\/title>\n<meta name=\"robots\" content=\"index, follow, max-snippet:-1, max-image-preview:large, max-video-preview:-1\" \/>\n<link rel=\"canonical\" href=\"https:\/\/servifred.com\/wordpress\/servifred-royo\/mantenimiento\/\" \/>\n<meta property=\"og:locale\" content=\"es_ES\" \/>\n<meta property=\"og:type\" content=\"article\" \/>\n<meta property=\"og:title\" content=\"Mantenimiento - SERVIFRED\" \/>\n<meta property=\"og:description\" content=\"Mantenimiento Somos una empresa de climatizaci\u00f3n referente en Valencia dedicada al mantenimiento de locales de p\u00fablica concurrencia, como cines, teatros, auditorios, zonas de ocio, comercios&#8230; Con nuestro servicio de mantenimiento de aire acondicionado, usted puede alargar la vida de sus equipos y mantener el aire del ambiente siempre limpio, puro y sin bacterias, as\u00ed como ... Leer m\u00e1s\" \/>\n<meta property=\"og:url\" content=\"https:\/\/servifred.com\/wordpress\/servifred-royo\/mantenimiento\/\" \/>\n<meta property=\"og:site_name\" content=\"SERVIFRED\" \/>\n<meta property=\"article:publisher\" content=\"https:\/\/www.facebook.com\/Servifred\" \/>\n<meta property=\"article:modified_time\" content=\"2020-04-26T16:16:07+00:00\" \/>\n<meta property=\"og:image\" content=\"https:\/\/servifred.com\/wordpress\/wp-content\/uploads\/2020\/04\/CTA-Home-1024x295.png\" \/>\n<meta name=\"twitter:card\" content=\"summary_large_image\" \/>\n<meta name=\"twitter:site\" content=\"@servifredroyo\" \/>\n<meta name=\"twitter:label1\" content=\"Tiempo de lectura\" \/>\n\t<meta name=\"twitter:data1\" content=\"1 minuto\" \/>\n<script type=\"application\/ld+json\" class=\"yoast-schema-graph\">{\"@context\":\"https:\\\/\\\/schema.org\",\"@graph\":[{\"@type\":\"WebPage\",\"@id\":\"https:\\\/\\\/servifred.com\\\/wordpress\\\/servifred-royo\\\/mantenimiento\\\/\",\"url\":\"https:\\\/\\\/servifred.com\\\/wordpress\\\/servifred-royo\\\/mantenimiento\\\/\",\"name\":\"Mantenimiento - SERVIFRED\",\"isPartOf\":{\"@id\":\"https:\\\/\\\/servifred.com\\\/wordpress\\\/#website\"},\"primaryImageOfPage\":{\"@id\":\"https:\\\/\\\/servifred.com\\\/wordpress\\\/servifred-royo\\\/mantenimiento\\\/#primaryimage\"},\"image\":{\"@id\":\"https:\\\/\\\/servifred.com\\\/wordpress\\\/servifred-royo\\\/mantenimiento\\\/#primaryimage\"},\"thumbnailUrl\":\"http:\\\/\\\/servifred.com\\\/wordpress\\\/wp-content\\\/uploads\\\/2020\\\/04\\\/CTA-Home-1024x295.png\",\"datePublished\":\"2012-10-31T13:07:36+00:00\",\"dateModified\":\"2020-04-26T16:16:07+00:00\",\"breadcrumb\":{\"@id\":\"https:\\\/\\\/servifred.com\\\/wordpress\\\/servifred-royo\\\/mantenimiento\\\/#breadcrumb\"},\"inLanguage\":\"es\",\"potentialAction\":[{\"@type\":\"ReadAction\",\"target\":[\"https:\\\/\\\/servifred.com\\\/wordpress\\\/servifred-royo\\\/mantenimiento\\\/\"]}]},{\"@type\":\"ImageObject\",\"inLanguage\":\"es\",\"@id\":\"https:\\\/\\\/servifred.com\\\/wordpress\\\/servifred-royo\\\/mantenimiento\\\/#primaryimage\",\"url\":\"https:\\\/\\\/servifred.com\\\/wordpress\\\/wp-content\\\/uploads\\\/2020\\\/04\\\/CTA-Home.png\",\"contentUrl\":\"https:\\\/\\\/servifred.com\\\/wordpress\\\/wp-content\\\/uploads\\\/2020\\\/04\\\/CTA-Home.png\",\"width\":1920,\"height\":553},{\"@type\":\"BreadcrumbList\",\"@id\":\"https:\\\/\\\/servifred.com\\\/wordpress\\\/servifred-royo\\\/mantenimiento\\\/#breadcrumb\",\"itemListElement\":[{\"@type\":\"ListItem\",\"position\":1,\"name\":\"Portada\",\"item\":\"https:\\\/\\\/servifred.com\\\/wordpress\\\/\"},{\"@type\":\"ListItem\",\"position\":2,\"name\":\"Inicio\",\"item\":\"https:\\\/\\\/servifred.com\\\/wordpress\\\/\"},{\"@type\":\"ListItem\",\"position\":3,\"name\":\"Mantenimiento\"}]},{\"@type\":\"WebSite\",\"@id\":\"https:\\\/\\\/servifred.com\\\/wordpress\\\/#website\",\"url\":\"https:\\\/\\\/servifred.com\\\/wordpress\\\/\",\"name\":\"SERVIFRED\",\"description\":\"AIRE ACONDICIONADO\",\"publisher\":{\"@id\":\"https:\\\/\\\/servifred.com\\\/wordpress\\\/#organization\"},\"potentialAction\":[{\"@type\":\"SearchAction\",\"target\":{\"@type\":\"EntryPoint\",\"urlTemplate\":\"https:\\\/\\\/servifred.com\\\/wordpress\\\/?s={search_term_string}\"},\"query-input\":{\"@type\":\"PropertyValueSpecification\",\"valueRequired\":true,\"valueName\":\"search_term_string\"}}],\"inLanguage\":\"es\"},{\"@type\":\"Organization\",\"@id\":\"https:\\\/\\\/servifred.com\\\/wordpress\\\/#organization\",\"name\":\"SERVIFRED\",\"url\":\"https:\\\/\\\/servifred.com\\\/wordpress\\\/\",\"logo\":{\"@type\":\"ImageObject\",\"inLanguage\":\"es\",\"@id\":\"https:\\\/\\\/servifred.com\\\/wordpress\\\/#\\\/schema\\\/logo\\\/image\\\/\",\"url\":\"https:\\\/\\\/servifred.com\\\/wordpress\\\/wp-content\\\/uploads\\\/2020\\\/04\\\/SERVIFRED-TRANS.png\",\"contentUrl\":\"https:\\\/\\\/servifred.com\\\/wordpress\\\/wp-content\\\/uploads\\\/2020\\\/04\\\/SERVIFRED-TRANS.png\",\"width\":1047,\"height\":337,\"caption\":\"SERVIFRED\"},\"image\":{\"@id\":\"https:\\\/\\\/servifred.com\\\/wordpress\\\/#\\\/schema\\\/logo\\\/image\\\/\"},\"sameAs\":[\"https:\\\/\\\/www.facebook.com\\\/Servifred\",\"https:\\\/\\\/x.com\\\/servifredroyo\",\"https:\\\/\\\/al.linkedin.com\\\/company\\\/servifred-royo\"]}]}<\/script>\n<!-- \/ Yoast SEO plugin. -->","yoast_head_json":{"title":"Mantenimiento - SERVIFRED","robots":{"index":"index","follow":"follow","max-snippet":"max-snippet:-1","max-image-preview":"max-image-preview:large","max-video-preview":"max-video-preview:-1"},"canonical":"https:\/\/servifred.com\/wordpress\/servifred-royo\/mantenimiento\/","og_locale":"es_ES","og_type":"article","og_title":"Mantenimiento - SERVIFRED","og_description":"Mantenimiento Somos una empresa de climatizaci\u00f3n referente en Valencia dedicada al mantenimiento de locales de p\u00fablica concurrencia, como cines, teatros, auditorios, zonas de ocio, comercios&#8230; Con nuestro servicio de mantenimiento de aire acondicionado, usted puede alargar la vida de sus equipos y mantener el aire del ambiente siempre limpio, puro y sin bacterias, as\u00ed como ... Leer m\u00e1s","og_url":"https:\/\/servifred.com\/wordpress\/servifred-royo\/mantenimiento\/","og_site_name":"SERVIFRED","article_publisher":"https:\/\/www.facebook.com\/Servifred","article_modified_time":"2020-04-26T16:16:07+00:00","og_image":[{"url":"https:\/\/servifred.com\/wordpress\/wp-content\/uploads\/2020\/04\/CTA-Home-1024x295.png","type":"","width":"","height":""}],"twitter_card":"summary_large_image","twitter_site":"@servifredroyo","twitter_misc":{"Tiempo de lectura":"1 minuto"},"schema":{"@context":"https:\/\/schema.org","@graph":[{"@type":"WebPage","@id":"https:\/\/servifred.com\/wordpress\/servifred-royo\/mantenimiento\/","url":"https:\/\/servifred.com\/wordpress\/servifred-royo\/mantenimiento\/","name":"Mantenimiento - SERVIFRED","isPartOf":{"@id":"https:\/\/servifred.com\/wordpress\/#website"},"primaryImageOfPage":{"@id":"https:\/\/servifred.com\/wordpress\/servifred-royo\/mantenimiento\/#primaryimage"},"image":{"@id":"https:\/\/servifred.com\/wordpress\/servifred-royo\/mantenimiento\/#primaryimage"},"thumbnailUrl":"http:\/\/servifred.com\/wordpress\/wp-content\/uploads\/2020\/04\/CTA-Home-1024x295.png","datePublished":"2012-10-31T13:07:36+00:00","dateModified":"2020-04-26T16:16:07+00:00","breadcrumb":{"@id":"https:\/\/servifred.com\/wordpress\/servifred-royo\/mantenimiento\/#breadcrumb"},"inLanguage":"es","potentialAction":[{"@type":"ReadAction","target":["https:\/\/servifred.com\/wordpress\/servifred-royo\/mantenimiento\/"]}]},{"@type":"ImageObject","inLanguage":"es","@id":"https:\/\/servifred.com\/wordpress\/servifred-royo\/mantenimiento\/#primaryimage","url":"https:\/\/servifred.com\/wordpress\/wp-content\/uploads\/2020\/04\/CTA-Home.png","contentUrl":"https:\/\/servifred.com\/wordpress\/wp-content\/uploads\/2020\/04\/CTA-Home.png","width":1920,"height":553},{"@type":"BreadcrumbList","@id":"https:\/\/servifred.com\/wordpress\/servifred-royo\/mantenimiento\/#breadcrumb","itemListElement":[{"@type":"ListItem","position":1,"name":"Portada","item":"https:\/\/servifred.com\/wordpress\/"},{"@type":"ListItem","position":2,"name":"Inicio","item":"https:\/\/servifred.com\/wordpress\/"},{"@type":"ListItem","position":3,"name":"Mantenimiento"}]},{"@type":"WebSite","@id":"https:\/\/servifred.com\/wordpress\/#website","url":"https:\/\/servifred.com\/wordpress\/","name":"SERVIFRED","description":"AIRE ACONDICIONADO","publisher":{"@id":"https:\/\/servifred.com\/wordpress\/#organization"},"potentialAction":[{"@type":"SearchAction","target":{"@type":"EntryPoint","urlTemplate":"https:\/\/servifred.com\/wordpress\/?s={search_term_string}"},"query-input":{"@type":"PropertyValueSpecification","valueRequired":true,"valueName":"search_term_string"}}],"inLanguage":"es"},{"@type":"Organization","@id":"https:\/\/servifred.com\/wordpress\/#organization","name":"SERVIFRED","url":"https:\/\/servifred.com\/wordpress\/","logo":{"@type":"ImageObject","inLanguage":"es","@id":"https:\/\/servifred.com\/wordpress\/#\/schema\/logo\/image\/","url":"https:\/\/servifred.com\/wordpress\/wp-content\/uploads\/2020\/04\/SERVIFRED-TRANS.png","contentUrl":"https:\/\/servifred.com\/wordpress\/wp-content\/uploads\/2020\/04\/SERVIFRED-TRANS.png","width":1047,"height":337,"caption":"SERVIFRED"},"image":{"@id":"https:\/\/servifred.com\/wordpress\/#\/schema\/logo\/image\/"},"sameAs":["https:\/\/www.facebook.com\/Servifred","https:\/\/x.com\/servifredroyo","https:\/\/al.linkedin.com\/company\/servifred-royo"]}]}},"_links":{"self":[{"href":"https:\/\/servifred.com\/wordpress\/wp-json\/wp\/v2\/pages\/352","targetHints":{"allow":["GET"]}}],"collection":[{"href":"https:\/\/servifred.com\/wordpress\/wp-json\/wp\/v2\/pages"}],"about":[{"href":"https:\/\/servifred.com\/wordpress\/wp-json\/wp\/v2\/types\/page"}],"author":[{"embeddable":true,"href":"https:\/\/servifred.com\/wordpress\/wp-json\/wp\/v2\/users\/1"}],"replies":[{"embeddable":true,"href":"https:\/\/servifred.com\/wordpress\/wp-json\/wp\/v2\/comments?post=352"}],"version-history":[{"count":255,"href":"https:\/\/servifred.com\/wordpress\/wp-json\/wp\/v2\/pages\/352\/revisions"}],"predecessor-version":[{"id":3976,"href":"https:\/\/servifred.com\/wordpress\/wp-json\/wp\/v2\/pages\/352\/revisions\/3976"}],"up":[{"embeddable":true,"href":"https:\/\/servifred.com\/wordpress\/wp-json\/wp\/v2\/pages\/2"}],"wp:attachment":[{"href":"https:\/\/servifred.com\/wordpress\/wp-json\/wp\/v2\/media?parent=352"}],"curies":[{"name":"wp","href":"https:\/\/api.w.org\/{rel}","templated":true}]}}