{"id":356,"date":"2012-10-31T14:08:36","date_gmt":"2012-10-31T13:08:36","guid":{"rendered":"http:\/\/servifred.com\/wordpress\/?page_id=356"},"modified":"2020-05-17T10:01:07","modified_gmt":"2020-05-17T08:01:07","slug":"ingenieria","status":"publish","type":"page","link":"https:\/\/servifred.com\/wordpress\/servifred-royo\/ingenieria\/","title":{"rendered":"Ingenieria"},"content":{"rendered":"\t\t<div data-elementor-type=\"wp-page\" data-elementor-id=\"356\" class=\"elementor elementor-356\">\n\t\t\t\t\t\t<section class=\"elementor-section elementor-top-section elementor-element elementor-element-c7cc288 elementor-section-height-min-height elementor-section-boxed elementor-section-height-default elementor-section-items-middle\" data-id=\"c7cc288\" data-element_type=\"section\" data-e-type=\"section\" data-settings=\"{&quot;background_background&quot;:&quot;classic&quot;}\">\n\t\t\t\t\t\t\t<div class=\"elementor-background-overlay\"><\/div>\n\t\t\t\t\t\t\t<div class=\"elementor-container elementor-column-gap-default\">\n\t\t\t\t\t<div class=\"elementor-column elementor-col-100 elementor-top-column elementor-element elementor-element-73c75d5\" data-id=\"73c75d5\" data-element_type=\"column\" data-e-type=\"column\">\n\t\t\t<div class=\"elementor-widget-wrap elementor-element-populated\">\n\t\t\t\t\t\t<div class=\"elementor-element elementor-element-bf315a1 elementor-widget elementor-widget-heading\" data-id=\"bf315a1\" data-element_type=\"widget\" data-e-type=\"widget\" data-widget_type=\"heading.default\">\n\t\t\t\t<div class=\"elementor-widget-container\">\n\t\t\t\t\t<h1 class=\"elementor-heading-title elementor-size-default\">Ingenier\u00eda<\/h1>\t\t\t\t<\/div>\n\t\t\t\t<\/div>\n\t\t\t\t\t<\/div>\n\t\t<\/div>\n\t\t\t\t\t<\/div>\n\t\t<\/section>\n\t\t\t\t<section class=\"elementor-section elementor-top-section elementor-element elementor-element-f0b2fb6 elementor-section-content-middle elementor-section-boxed elementor-section-height-default elementor-section-height-default\" data-id=\"f0b2fb6\" data-element_type=\"section\" data-e-type=\"section\">\n\t\t\t\t\t\t<div class=\"elementor-container elementor-column-gap-no\">\n\t\t\t\t\t<div class=\"elementor-column elementor-col-50 elementor-top-column elementor-element elementor-element-3344f9c\" data-id=\"3344f9c\" data-element_type=\"column\" data-e-type=\"column\">\n\t\t\t<div class=\"elementor-widget-wrap elementor-element-populated\">\n\t\t\t\t\t\t<div class=\"elementor-element elementor-element-526a272 elementor-widget elementor-widget-text-editor\" data-id=\"526a272\" data-element_type=\"widget\" data-e-type=\"widget\" data-widget_type=\"text-editor.default\">\n\t\t\t\t<div class=\"elementor-widget-container\">\n\t\t\t\t\t\t\t\t\t<h2>Nuestro departamento de ingenier\u00eda esta siempre a su disposici\u00f3n para cualquier consulta, estudio o presupuesto de climatizaci\u00f3n que necesiten.<\/h2>\t\t\t\t\t\t\t\t<\/div>\n\t\t\t\t<\/div>\n\t\t\t\t\t<\/div>\n\t\t<\/div>\n\t\t\t\t<div class=\"elementor-column elementor-col-50 elementor-top-column elementor-element elementor-element-01aa8ec\" data-id=\"01aa8ec\" data-element_type=\"column\" data-e-type=\"column\">\n\t\t\t<div class=\"elementor-widget-wrap elementor-element-populated\">\n\t\t\t\t\t\t<div class=\"elementor-element elementor-element-9763758 elementor-widget elementor-widget-text-editor\" data-id=\"9763758\" data-element_type=\"widget\" data-e-type=\"widget\" data-widget_type=\"text-editor.default\">\n\t\t\t\t<div class=\"elementor-widget-container\">\n\t\t\t\t\t\t\t\t\t<p>Realizamos un estudio previo para analizar la instalaci\u00f3n de climatizaci\u00f3n m\u00e1s adecuada para sus viviendas, locales comerciales, industrias, entre otros, ajustando de esta forma los presupuestos para que conozca desde el principio el coste real de la obra completa.<\/p><p>Seguimiento de la obra, para que no haya imprevistos en la ejecuci\u00f3n de obra ni sobrecostes.<\/p>\t\t\t\t\t\t\t\t<\/div>\n\t\t\t\t<\/div>\n\t\t\t\t\t<\/div>\n\t\t<\/div>\n\t\t\t\t\t<\/div>\n\t\t<\/section>\n\t\t\t\t<section class=\"elementor-section elementor-top-section elementor-element elementor-element-7c68369 elementor-section-boxed elementor-section-height-default elementor-section-height-default\" data-id=\"7c68369\" data-element_type=\"section\" data-e-type=\"section\">\n\t\t\t\t\t\t<div class=\"elementor-container elementor-column-gap-default\">\n\t\t\t\t\t<div class=\"elementor-column elementor-col-100 elementor-top-column elementor-element elementor-element-0b61472\" data-id=\"0b61472\" data-element_type=\"column\" data-e-type=\"column\">\n\t\t\t<div class=\"elementor-widget-wrap elementor-element-populated\">\n\t\t\t\t\t\t<section class=\"elementor-section elementor-inner-section elementor-element elementor-element-d270008 elementor-section-boxed elementor-section-height-default elementor-section-height-default\" data-id=\"d270008\" data-element_type=\"section\" data-e-type=\"section\">\n\t\t\t\t\t\t<div class=\"elementor-container elementor-column-gap-default\">\n\t\t\t\t\t<div class=\"elementor-column elementor-col-100 elementor-inner-column elementor-element elementor-element-38131be\" data-id=\"38131be\" data-element_type=\"column\" data-e-type=\"column\">\n\t\t\t<div class=\"elementor-widget-wrap elementor-element-populated\">\n\t\t\t\t\t\t<div class=\"elementor-element elementor-element-4d8a41b elementor-widget elementor-widget-heading\" data-id=\"4d8a41b\" data-element_type=\"widget\" data-e-type=\"widget\" data-widget_type=\"heading.default\">\n\t\t\t\t<div class=\"elementor-widget-container\">\n\t\t\t\t\t<h4 class=\"elementor-heading-title elementor-size-default\">Tus problemas, nuestras soluciones.<\/h4>\t\t\t\t<\/div>\n\t\t\t\t<\/div>\n\t\t\t\t\t<\/div>\n\t\t<\/div>\n\t\t\t\t\t<\/div>\n\t\t<\/section>\n\t\t\t\t<section class=\"elementor-section elementor-inner-section elementor-element elementor-element-744d624 elementor-section-content-middle elementor-section-boxed elementor-section-height-default elementor-section-height-default\" data-id=\"744d624\" data-element_type=\"section\" data-e-type=\"section\">\n\t\t\t\t\t\t<div class=\"elementor-container elementor-column-gap-no\">\n\t\t\t\t\t<div class=\"elementor-column elementor-col-33 elementor-inner-column elementor-element elementor-element-eb543d8\" data-id=\"eb543d8\" data-element_type=\"column\" data-e-type=\"column\">\n\t\t\t<div class=\"elementor-widget-wrap elementor-element-populated\">\n\t\t\t\t\t\t<div class=\"elementor-element elementor-element-24ec8f7 elementor-widget elementor-widget-image\" data-id=\"24ec8f7\" data-element_type=\"widget\" data-e-type=\"widget\" data-widget_type=\"image.default\">\n\t\t\t\t<div class=\"elementor-widget-container\">\n\t\t\t\t\t\t\t\t\t\t\t\t\t\t\t<img fetchpriority=\"high\" decoding=\"async\" width=\"1024\" height=\"813\" src=\"https:\/\/servifred.com\/wordpress\/wp-content\/uploads\/2020\/04\/1-1024x813.jpg\" class=\"attachment-large size-large wp-image-3741\" alt=\"\" srcset=\"https:\/\/servifred.com\/wordpress\/wp-content\/uploads\/2020\/04\/1-1024x813.jpg 1024w, https:\/\/servifred.com\/wordpress\/wp-content\/uploads\/2020\/04\/1-300x238.jpg 300w, https:\/\/servifred.com\/wordpress\/wp-content\/uploads\/2020\/04\/1-768x610.jpg 768w, https:\/\/servifred.com\/wordpress\/wp-content\/uploads\/2020\/04\/1.jpg 1068w\" sizes=\"(max-width: 1024px) 100vw, 1024px\" \/>\t\t\t\t\t\t\t\t\t\t\t\t\t\t\t<\/div>\n\t\t\t\t<\/div>\n\t\t\t\t\t<\/div>\n\t\t<\/div>\n\t\t\t\t<div class=\"elementor-column elementor-col-33 elementor-inner-column elementor-element elementor-element-6d87e74\" data-id=\"6d87e74\" data-element_type=\"column\" data-e-type=\"column\">\n\t\t\t<div class=\"elementor-widget-wrap elementor-element-populated\">\n\t\t\t\t\t\t<div class=\"elementor-element elementor-element-7a0a952 elementor-widget elementor-widget-heading\" data-id=\"7a0a952\" data-element_type=\"widget\" data-e-type=\"widget\" data-widget_type=\"heading.default\">\n\t\t\t\t<div class=\"elementor-widget-container\">\n\t\t\t\t\t<h2 class=\"elementor-heading-title elementor-size-default\">Asesoramiento antes, durante y despues de la instalaci\u00f3n.<\/h2>\t\t\t\t<\/div>\n\t\t\t\t<\/div>\n\t\t\t\t<div class=\"elementor-element elementor-element-cdde54c elementor-widget elementor-widget-text-editor\" data-id=\"cdde54c\" data-element_type=\"widget\" data-e-type=\"widget\" data-widget_type=\"text-editor.default\">\n\t\t\t\t<div class=\"elementor-widget-container\">\n\t\t\t\t\t\t\t\t\t<p>Dise\u00f1o de las instalaciones buscando el m\u00e1ximo confort, la mejor eficiencia energ\u00e9tica, su coste econ\u00f3mico, y su correcta ejecuci\u00f3n.\u00a0<\/p>\t\t\t\t\t\t\t\t<\/div>\n\t\t\t\t<\/div>\n\t\t\t\t\t<\/div>\n\t\t<\/div>\n\t\t\t\t<div class=\"elementor-column elementor-col-33 elementor-inner-column elementor-element elementor-element-4bfe47f\" data-id=\"4bfe47f\" data-element_type=\"column\" data-e-type=\"column\">\n\t\t\t<div class=\"elementor-widget-wrap elementor-element-populated\">\n\t\t\t\t\t\t<div class=\"elementor-element elementor-element-9b06e16 elementor-widget elementor-widget-image\" data-id=\"9b06e16\" data-element_type=\"widget\" data-e-type=\"widget\" data-widget_type=\"image.default\">\n\t\t\t\t<div class=\"elementor-widget-container\">\n\t\t\t\t\t\t\t\t\t\t\t\t\t\t\t<img decoding=\"async\" width=\"400\" height=\"317\" src=\"https:\/\/servifred.com\/wordpress\/wp-content\/uploads\/2012\/10\/ingenieria_fondo.jpg\" class=\"attachment-large size-large wp-image-2136\" alt=\"\" srcset=\"https:\/\/servifred.com\/wordpress\/wp-content\/uploads\/2012\/10\/ingenieria_fondo.jpg 400w, https:\/\/servifred.com\/wordpress\/wp-content\/uploads\/2012\/10\/ingenieria_fondo-300x237.jpg 300w\" sizes=\"(max-width: 400px) 100vw, 400px\" \/>\t\t\t\t\t\t\t\t\t\t\t\t\t\t\t<\/div>\n\t\t\t\t<\/div>\n\t\t\t\t\t<\/div>\n\t\t<\/div>\n\t\t\t\t\t<\/div>\n\t\t<\/section>\n\t\t\t\t<section class=\"elementor-section elementor-inner-section elementor-element elementor-element-48da107 elementor-section-content-middle elementor-section-boxed elementor-section-height-default elementor-section-height-default\" data-id=\"48da107\" data-element_type=\"section\" data-e-type=\"section\">\n\t\t\t\t\t\t<div class=\"elementor-container elementor-column-gap-no\">\n\t\t\t\t\t<div class=\"elementor-column elementor-col-33 elementor-inner-column elementor-element elementor-element-d876127\" data-id=\"d876127\" data-element_type=\"column\" data-e-type=\"column\">\n\t\t\t<div class=\"elementor-widget-wrap elementor-element-populated\">\n\t\t\t\t\t\t<div class=\"elementor-element elementor-element-d3330c8 elementor-widget elementor-widget-heading\" data-id=\"d3330c8\" data-element_type=\"widget\" data-e-type=\"widget\" data-widget_type=\"heading.default\">\n\t\t\t\t<div class=\"elementor-widget-container\">\n\t\t\t\t\t<h2 class=\"elementor-heading-title elementor-size-default\">Normativa RITE<\/h2>\t\t\t\t<\/div>\n\t\t\t\t<\/div>\n\t\t\t\t<div class=\"elementor-element elementor-element-03d8d21 elementor-widget elementor-widget-text-editor\" data-id=\"03d8d21\" data-element_type=\"widget\" data-e-type=\"widget\" data-widget_type=\"text-editor.default\">\n\t\t\t\t<div class=\"elementor-widget-container\">\n\t\t\t\t\t\t\t\t\t<p>Asesoramiento t\u00e9cnico-legal con el fin de cumplir la normativa RITE vigente.<\/p>\t\t\t\t\t\t\t\t<\/div>\n\t\t\t\t<\/div>\n\t\t\t\t\t<\/div>\n\t\t<\/div>\n\t\t\t\t<div class=\"elementor-column elementor-col-33 elementor-inner-column elementor-element elementor-element-2f9d5bf\" data-id=\"2f9d5bf\" data-element_type=\"column\" data-e-type=\"column\">\n\t\t\t<div class=\"elementor-widget-wrap elementor-element-populated\">\n\t\t\t\t\t\t<div class=\"elementor-element elementor-element-dbe0c6b elementor-widget elementor-widget-image\" data-id=\"dbe0c6b\" data-element_type=\"widget\" data-e-type=\"widget\" data-widget_type=\"image.default\">\n\t\t\t\t<div class=\"elementor-widget-container\">\n\t\t\t\t\t\t\t\t\t\t\t\t\t\t\t<img decoding=\"async\" width=\"799\" height=\"930\" src=\"https:\/\/servifred.com\/wordpress\/wp-content\/uploads\/2020\/04\/IMG_3778.jpg\" class=\"attachment-large size-large wp-image-3740\" alt=\"\" srcset=\"https:\/\/servifred.com\/wordpress\/wp-content\/uploads\/2020\/04\/IMG_3778.jpg 799w, https:\/\/servifred.com\/wordpress\/wp-content\/uploads\/2020\/04\/IMG_3778-258x300.jpg 258w, https:\/\/servifred.com\/wordpress\/wp-content\/uploads\/2020\/04\/IMG_3778-768x894.jpg 768w\" sizes=\"(max-width: 799px) 100vw, 799px\" \/>\t\t\t\t\t\t\t\t\t\t\t\t\t\t\t<\/div>\n\t\t\t\t<\/div>\n\t\t\t\t\t<\/div>\n\t\t<\/div>\n\t\t\t\t<div class=\"elementor-column elementor-col-33 elementor-inner-column elementor-element elementor-element-6e5c51b\" data-id=\"6e5c51b\" data-element_type=\"column\" data-e-type=\"column\">\n\t\t\t<div class=\"elementor-widget-wrap elementor-element-populated\">\n\t\t\t\t\t\t<div class=\"elementor-element elementor-element-94de94c elementor-widget elementor-widget-heading\" data-id=\"94de94c\" data-element_type=\"widget\" data-e-type=\"widget\" data-widget_type=\"heading.default\">\n\t\t\t\t<div class=\"elementor-widget-container\">\n\t\t\t\t\t<h2 class=\"elementor-heading-title elementor-size-default\">Estudios y planos personalizados de su instalaci\u00f3n.<\/h2>\t\t\t\t<\/div>\n\t\t\t\t<\/div>\n\t\t\t\t<div class=\"elementor-element elementor-element-125901d elementor-widget elementor-widget-text-editor\" data-id=\"125901d\" data-element_type=\"widget\" data-e-type=\"widget\" data-widget_type=\"text-editor.default\">\n\t\t\t\t<div class=\"elementor-widget-container\">\n\t\t\t\t\t\t\t\t\t<p>Realizaci\u00f3n de estudios de climatizaci\u00f3n, analisis t\u00e9rmicos, grafiado de planos personalizados a cada instalaci\u00f3n.<\/p>\t\t\t\t\t\t\t\t<\/div>\n\t\t\t\t<\/div>\n\t\t\t\t\t<\/div>\n\t\t<\/div>\n\t\t\t\t\t<\/div>\n\t\t<\/section>\n\t\t\t\t\t<\/div>\n\t\t<\/div>\n\t\t\t\t\t<\/div>\n\t\t<\/section>\n\t\t\t\t<\/div>\n\t\t","protected":false},"excerpt":{"rendered":"<p>Ingenier\u00eda Nuestro departamento de ingenier\u00eda esta siempre a su disposici\u00f3n para cualquier consulta, estudio o presupuesto de climatizaci\u00f3n que necesiten. Realizamos un estudio previo para analizar la instalaci\u00f3n de climatizaci\u00f3n m\u00e1s adecuada para sus viviendas, locales comerciales, industrias, entre otros, ajustando de esta forma los presupuestos para que conozca desde el principio el coste real &#8230; <a title=\"Ingenieria\" class=\"read-more\" href=\"https:\/\/servifred.com\/wordpress\/servifred-royo\/ingenieria\/\" aria-label=\"M\u00e1s en Ingenieria\">Leer m\u00e1s<\/a><\/p>\n","protected":false},"author":1,"featured_media":0,"parent":2,"menu_order":0,"comment_status":"closed","ping_status":"closed","template":"elementor_header_footer","meta":{"footnotes":""},"class_list":["post-356","page","type-page","status-publish"],"yoast_head":"<!-- This site is optimized with the Yoast SEO plugin v27.6 - https:\/\/yoast.com\/product\/yoast-seo-wordpress\/ -->\n<title>Ingenieria - SERVIFRED<\/title>\n<meta name=\"description\" content=\"Dise\u00f1amos e instalamos a tu medida cualquier proyecto de climatizacion que puedas necesitar.\" \/>\n<meta name=\"robots\" content=\"index, follow, max-snippet:-1, max-image-preview:large, max-video-preview:-1\" \/>\n<link rel=\"canonical\" href=\"https:\/\/servifred.com\/wordpress\/servifred-royo\/ingenieria\/\" \/>\n<meta property=\"og:locale\" content=\"es_ES\" \/>\n<meta property=\"og:type\" content=\"article\" \/>\n<meta property=\"og:title\" content=\"Ingenieria - SERVIFRED\" \/>\n<meta property=\"og:description\" content=\"Dise\u00f1amos e instalamos a tu medida cualquier proyecto de climatizacion que puedas necesitar.\" \/>\n<meta property=\"og:url\" content=\"https:\/\/servifred.com\/wordpress\/servifred-royo\/ingenieria\/\" \/>\n<meta property=\"og:site_name\" content=\"SERVIFRED\" \/>\n<meta property=\"article:publisher\" content=\"https:\/\/www.facebook.com\/Servifred\" \/>\n<meta property=\"article:modified_time\" content=\"2020-05-17T08:01:07+00:00\" \/>\n<meta property=\"og:image\" content=\"https:\/\/servifred.com\/wordpress\/wp-content\/uploads\/2020\/04\/1-1024x813.jpg\" \/>\n<meta name=\"twitter:card\" content=\"summary_large_image\" \/>\n<meta name=\"twitter:site\" content=\"@servifredroyo\" \/>\n<meta name=\"twitter:label1\" content=\"Tiempo de lectura\" \/>\n\t<meta name=\"twitter:data1\" content=\"1 minuto\" \/>\n<script type=\"application\/ld+json\" class=\"yoast-schema-graph\">{\"@context\":\"https:\\\/\\\/schema.org\",\"@graph\":[{\"@type\":\"WebPage\",\"@id\":\"https:\\\/\\\/servifred.com\\\/wordpress\\\/servifred-royo\\\/ingenieria\\\/\",\"url\":\"https:\\\/\\\/servifred.com\\\/wordpress\\\/servifred-royo\\\/ingenieria\\\/\",\"name\":\"Ingenieria - SERVIFRED\",\"isPartOf\":{\"@id\":\"https:\\\/\\\/servifred.com\\\/wordpress\\\/#website\"},\"primaryImageOfPage\":{\"@id\":\"https:\\\/\\\/servifred.com\\\/wordpress\\\/servifred-royo\\\/ingenieria\\\/#primaryimage\"},\"image\":{\"@id\":\"https:\\\/\\\/servifred.com\\\/wordpress\\\/servifred-royo\\\/ingenieria\\\/#primaryimage\"},\"thumbnailUrl\":\"http:\\\/\\\/servifred.com\\\/wordpress\\\/wp-content\\\/uploads\\\/2020\\\/04\\\/1-1024x813.jpg\",\"datePublished\":\"2012-10-31T13:08:36+00:00\",\"dateModified\":\"2020-05-17T08:01:07+00:00\",\"description\":\"Dise\u00f1amos e instalamos a tu medida cualquier proyecto de climatizacion que puedas necesitar.\",\"breadcrumb\":{\"@id\":\"https:\\\/\\\/servifred.com\\\/wordpress\\\/servifred-royo\\\/ingenieria\\\/#breadcrumb\"},\"inLanguage\":\"es\",\"potentialAction\":[{\"@type\":\"ReadAction\",\"target\":[\"https:\\\/\\\/servifred.com\\\/wordpress\\\/servifred-royo\\\/ingenieria\\\/\"]}]},{\"@type\":\"ImageObject\",\"inLanguage\":\"es\",\"@id\":\"https:\\\/\\\/servifred.com\\\/wordpress\\\/servifred-royo\\\/ingenieria\\\/#primaryimage\",\"url\":\"https:\\\/\\\/servifred.com\\\/wordpress\\\/wp-content\\\/uploads\\\/2020\\\/04\\\/1.jpg\",\"contentUrl\":\"https:\\\/\\\/servifred.com\\\/wordpress\\\/wp-content\\\/uploads\\\/2020\\\/04\\\/1.jpg\",\"width\":1068,\"height\":848},{\"@type\":\"BreadcrumbList\",\"@id\":\"https:\\\/\\\/servifred.com\\\/wordpress\\\/servifred-royo\\\/ingenieria\\\/#breadcrumb\",\"itemListElement\":[{\"@type\":\"ListItem\",\"position\":1,\"name\":\"Portada\",\"item\":\"https:\\\/\\\/servifred.com\\\/wordpress\\\/\"},{\"@type\":\"ListItem\",\"position\":2,\"name\":\"Inicio\",\"item\":\"https:\\\/\\\/servifred.com\\\/wordpress\\\/\"},{\"@type\":\"ListItem\",\"position\":3,\"name\":\"Ingenieria\"}]},{\"@type\":\"WebSite\",\"@id\":\"https:\\\/\\\/servifred.com\\\/wordpress\\\/#website\",\"url\":\"https:\\\/\\\/servifred.com\\\/wordpress\\\/\",\"name\":\"SERVIFRED\",\"description\":\"AIRE ACONDICIONADO\",\"publisher\":{\"@id\":\"https:\\\/\\\/servifred.com\\\/wordpress\\\/#organization\"},\"potentialAction\":[{\"@type\":\"SearchAction\",\"target\":{\"@type\":\"EntryPoint\",\"urlTemplate\":\"https:\\\/\\\/servifred.com\\\/wordpress\\\/?s={search_term_string}\"},\"query-input\":{\"@type\":\"PropertyValueSpecification\",\"valueRequired\":true,\"valueName\":\"search_term_string\"}}],\"inLanguage\":\"es\"},{\"@type\":\"Organization\",\"@id\":\"https:\\\/\\\/servifred.com\\\/wordpress\\\/#organization\",\"name\":\"SERVIFRED\",\"url\":\"https:\\\/\\\/servifred.com\\\/wordpress\\\/\",\"logo\":{\"@type\":\"ImageObject\",\"inLanguage\":\"es\",\"@id\":\"https:\\\/\\\/servifred.com\\\/wordpress\\\/#\\\/schema\\\/logo\\\/image\\\/\",\"url\":\"https:\\\/\\\/servifred.com\\\/wordpress\\\/wp-content\\\/uploads\\\/2020\\\/04\\\/SERVIFRED-TRANS.png\",\"contentUrl\":\"https:\\\/\\\/servifred.com\\\/wordpress\\\/wp-content\\\/uploads\\\/2020\\\/04\\\/SERVIFRED-TRANS.png\",\"width\":1047,\"height\":337,\"caption\":\"SERVIFRED\"},\"image\":{\"@id\":\"https:\\\/\\\/servifred.com\\\/wordpress\\\/#\\\/schema\\\/logo\\\/image\\\/\"},\"sameAs\":[\"https:\\\/\\\/www.facebook.com\\\/Servifred\",\"https:\\\/\\\/x.com\\\/servifredroyo\",\"https:\\\/\\\/al.linkedin.com\\\/company\\\/servifred-royo\"]}]}<\/script>\n<!-- \/ Yoast SEO plugin. -->","yoast_head_json":{"title":"Ingenieria - SERVIFRED","description":"Dise\u00f1amos e instalamos a tu medida cualquier proyecto de climatizacion que puedas necesitar.","robots":{"index":"index","follow":"follow","max-snippet":"max-snippet:-1","max-image-preview":"max-image-preview:large","max-video-preview":"max-video-preview:-1"},"canonical":"https:\/\/servifred.com\/wordpress\/servifred-royo\/ingenieria\/","og_locale":"es_ES","og_type":"article","og_title":"Ingenieria - SERVIFRED","og_description":"Dise\u00f1amos e instalamos a tu medida cualquier proyecto de climatizacion que puedas necesitar.","og_url":"https:\/\/servifred.com\/wordpress\/servifred-royo\/ingenieria\/","og_site_name":"SERVIFRED","article_publisher":"https:\/\/www.facebook.com\/Servifred","article_modified_time":"2020-05-17T08:01:07+00:00","og_image":[{"url":"https:\/\/servifred.com\/wordpress\/wp-content\/uploads\/2020\/04\/1-1024x813.jpg","type":"","width":"","height":""}],"twitter_card":"summary_large_image","twitter_site":"@servifredroyo","twitter_misc":{"Tiempo de lectura":"1 minuto"},"schema":{"@context":"https:\/\/schema.org","@graph":[{"@type":"WebPage","@id":"https:\/\/servifred.com\/wordpress\/servifred-royo\/ingenieria\/","url":"https:\/\/servifred.com\/wordpress\/servifred-royo\/ingenieria\/","name":"Ingenieria - SERVIFRED","isPartOf":{"@id":"https:\/\/servifred.com\/wordpress\/#website"},"primaryImageOfPage":{"@id":"https:\/\/servifred.com\/wordpress\/servifred-royo\/ingenieria\/#primaryimage"},"image":{"@id":"https:\/\/servifred.com\/wordpress\/servifred-royo\/ingenieria\/#primaryimage"},"thumbnailUrl":"http:\/\/servifred.com\/wordpress\/wp-content\/uploads\/2020\/04\/1-1024x813.jpg","datePublished":"2012-10-31T13:08:36+00:00","dateModified":"2020-05-17T08:01:07+00:00","description":"Dise\u00f1amos e instalamos a tu medida cualquier proyecto de climatizacion que puedas necesitar.","breadcrumb":{"@id":"https:\/\/servifred.com\/wordpress\/servifred-royo\/ingenieria\/#breadcrumb"},"inLanguage":"es","potentialAction":[{"@type":"ReadAction","target":["https:\/\/servifred.com\/wordpress\/servifred-royo\/ingenieria\/"]}]},{"@type":"ImageObject","inLanguage":"es","@id":"https:\/\/servifred.com\/wordpress\/servifred-royo\/ingenieria\/#primaryimage","url":"https:\/\/servifred.com\/wordpress\/wp-content\/uploads\/2020\/04\/1.jpg","contentUrl":"https:\/\/servifred.com\/wordpress\/wp-content\/uploads\/2020\/04\/1.jpg","width":1068,"height":848},{"@type":"BreadcrumbList","@id":"https:\/\/servifred.com\/wordpress\/servifred-royo\/ingenieria\/#breadcrumb","itemListElement":[{"@type":"ListItem","position":1,"name":"Portada","item":"https:\/\/servifred.com\/wordpress\/"},{"@type":"ListItem","position":2,"name":"Inicio","item":"https:\/\/servifred.com\/wordpress\/"},{"@type":"ListItem","position":3,"name":"Ingenieria"}]},{"@type":"WebSite","@id":"https:\/\/servifred.com\/wordpress\/#website","url":"https:\/\/servifred.com\/wordpress\/","name":"SERVIFRED","description":"AIRE ACONDICIONADO","publisher":{"@id":"https:\/\/servifred.com\/wordpress\/#organization"},"potentialAction":[{"@type":"SearchAction","target":{"@type":"EntryPoint","urlTemplate":"https:\/\/servifred.com\/wordpress\/?s={search_term_string}"},"query-input":{"@type":"PropertyValueSpecification","valueRequired":true,"valueName":"search_term_string"}}],"inLanguage":"es"},{"@type":"Organization","@id":"https:\/\/servifred.com\/wordpress\/#organization","name":"SERVIFRED","url":"https:\/\/servifred.com\/wordpress\/","logo":{"@type":"ImageObject","inLanguage":"es","@id":"https:\/\/servifred.com\/wordpress\/#\/schema\/logo\/image\/","url":"https:\/\/servifred.com\/wordpress\/wp-content\/uploads\/2020\/04\/SERVIFRED-TRANS.png","contentUrl":"https:\/\/servifred.com\/wordpress\/wp-content\/uploads\/2020\/04\/SERVIFRED-TRANS.png","width":1047,"height":337,"caption":"SERVIFRED"},"image":{"@id":"https:\/\/servifred.com\/wordpress\/#\/schema\/logo\/image\/"},"sameAs":["https:\/\/www.facebook.com\/Servifred","https:\/\/x.com\/servifredroyo","https:\/\/al.linkedin.com\/company\/servifred-royo"]}]}},"_links":{"self":[{"href":"https:\/\/servifred.com\/wordpress\/wp-json\/wp\/v2\/pages\/356","targetHints":{"allow":["GET"]}}],"collection":[{"href":"https:\/\/servifred.com\/wordpress\/wp-json\/wp\/v2\/pages"}],"about":[{"href":"https:\/\/servifred.com\/wordpress\/wp-json\/wp\/v2\/types\/page"}],"author":[{"embeddable":true,"href":"https:\/\/servifred.com\/wordpress\/wp-json\/wp\/v2\/users\/1"}],"replies":[{"embeddable":true,"href":"https:\/\/servifred.com\/wordpress\/wp-json\/wp\/v2\/comments?post=356"}],"version-history":[{"count":87,"href":"https:\/\/servifred.com\/wordpress\/wp-json\/wp\/v2\/pages\/356\/revisions"}],"predecessor-version":[{"id":4111,"href":"https:\/\/servifred.com\/wordpress\/wp-json\/wp\/v2\/pages\/356\/revisions\/4111"}],"up":[{"embeddable":true,"href":"https:\/\/servifred.com\/wordpress\/wp-json\/wp\/v2\/pages\/2"}],"wp:attachment":[{"href":"https:\/\/servifred.com\/wordpress\/wp-json\/wp\/v2\/media?parent=356"}],"curies":[{"name":"wp","href":"https:\/\/api.w.org\/{rel}","templated":true}]}}