{"id":782,"date":"2012-11-09T13:39:13","date_gmt":"2012-11-09T12:39:13","guid":{"rendered":"http:\/\/servifred.com\/wordpress\/?page_id=782"},"modified":"2020-05-17T10:39:11","modified_gmt":"2020-05-17T08:39:11","slug":"frio-industrial","status":"publish","type":"page","link":"https:\/\/servifred.com\/wordpress\/servicios\/frio-industrial\/","title":{"rendered":"Frio industrial"},"content":{"rendered":"\t\t<div data-elementor-type=\"wp-page\" data-elementor-id=\"782\" class=\"elementor elementor-782\">\n\t\t\t\t\t\t<section class=\"elementor-section elementor-top-section elementor-element elementor-element-f4d3dbd elementor-section-height-min-height elementor-section-boxed elementor-section-height-default elementor-section-items-middle\" data-id=\"f4d3dbd\" data-element_type=\"section\" data-e-type=\"section\" data-settings=\"{&quot;background_background&quot;:&quot;classic&quot;}\">\n\t\t\t\t\t\t\t<div class=\"elementor-background-overlay\"><\/div>\n\t\t\t\t\t\t\t<div class=\"elementor-container elementor-column-gap-default\">\n\t\t\t\t\t<div class=\"elementor-column elementor-col-100 elementor-top-column elementor-element elementor-element-455ea22\" data-id=\"455ea22\" data-element_type=\"column\" data-e-type=\"column\">\n\t\t\t<div class=\"elementor-widget-wrap elementor-element-populated\">\n\t\t\t\t\t\t<div class=\"elementor-element elementor-element-161bb94 elementor-widget elementor-widget-heading\" data-id=\"161bb94\" data-element_type=\"widget\" data-e-type=\"widget\" data-widget_type=\"heading.default\">\n\t\t\t\t<div class=\"elementor-widget-container\">\n\t\t\t\t\t<h1 class=\"elementor-heading-title elementor-size-default\">Fr\u00edo industrial<\/h1>\t\t\t\t<\/div>\n\t\t\t\t<\/div>\n\t\t\t\t\t<\/div>\n\t\t<\/div>\n\t\t\t\t\t<\/div>\n\t\t<\/section>\n\t\t\t\t<section class=\"elementor-section elementor-top-section elementor-element elementor-element-8b99f52 elementor-section-content-middle elementor-section-boxed elementor-section-height-default elementor-section-height-default\" data-id=\"8b99f52\" data-element_type=\"section\" data-e-type=\"section\">\n\t\t\t\t\t\t<div class=\"elementor-container elementor-column-gap-no\">\n\t\t\t\t\t<div class=\"elementor-column elementor-col-50 elementor-top-column elementor-element elementor-element-dd48397\" data-id=\"dd48397\" data-element_type=\"column\" data-e-type=\"column\">\n\t\t\t<div class=\"elementor-widget-wrap elementor-element-populated\">\n\t\t\t\t\t\t<div class=\"elementor-element elementor-element-a685bfe elementor-widget elementor-widget-media-carousel\" data-id=\"a685bfe\" data-element_type=\"widget\" data-e-type=\"widget\" data-widget_type=\"media-carousel.default\">\n\t\t\t\t<div class=\"elementor-widget-container\">\n\t\t\t\t\t \t\t\t\t<\/div>\n\t\t\t\t<\/div>\n\t\t\t\t\t<\/div>\n\t\t<\/div>\n\t\t\t\t<div class=\"elementor-column elementor-col-50 elementor-top-column elementor-element elementor-element-f97c750\" data-id=\"f97c750\" data-element_type=\"column\" data-e-type=\"column\" data-settings=\"{&quot;background_background&quot;:&quot;classic&quot;}\">\n\t\t\t<div class=\"elementor-widget-wrap elementor-element-populated\">\n\t\t\t\t\t\t<div class=\"elementor-element elementor-element-2d98b4e elementor-widget elementor-widget-heading\" data-id=\"2d98b4e\" data-element_type=\"widget\" data-e-type=\"widget\" data-widget_type=\"heading.default\">\n\t\t\t\t<div class=\"elementor-widget-container\">\n\t\t\t\t\t<h4 class=\"elementor-heading-title elementor-size-default\">Camaras frigor\u00edficas<\/h4>\t\t\t\t<\/div>\n\t\t\t\t<\/div>\n\t\t\t\t<div class=\"elementor-element elementor-element-8a2904b elementor-widget__width-initial elementor-widget elementor-widget-text-editor\" data-id=\"8a2904b\" data-element_type=\"widget\" data-e-type=\"widget\" data-widget_type=\"text-editor.default\">\n\t\t\t\t<div class=\"elementor-widget-container\">\n\t\t\t\t\t\t\t\t\t<p>Instalamos peque\u00f1as c\u00e1maras frigor\u00edficas de conservaci\u00f3n +5\u00baC \/ +7\u00baC para distintas aplicaciones tales como:<br \/>Florister\u00edas, Carnicer\u00edas, Fruter\u00edas, Restaurantes..<\/p><p>Tambien suministramos otros productos de hosteleria como:<br \/>Congeladores horizontales<br \/>Fabricadores de hielo<br \/>Armarios expositores refrigerados<br \/>Vitrinas refrigeradas<br \/>Armarios de servicio para gastronom\u00eda<\/p>\t\t\t\t\t\t\t\t<\/div>\n\t\t\t\t<\/div>\n\t\t\t\t<div class=\"elementor-element elementor-element-2ae2151 elementor-widget elementor-widget-text-editor\" data-id=\"2ae2151\" data-element_type=\"widget\" data-e-type=\"widget\" data-widget_type=\"text-editor.default\">\n\t\t\t\t<div class=\"elementor-widget-container\">\n\t\t\t\t\t\t\t\t\t<h2><span style=\"color: #e3001b;\">Siempre a tu servicio<\/span><\/h2>\t\t\t\t\t\t\t\t<\/div>\n\t\t\t\t<\/div>\n\t\t\t\t\t<\/div>\n\t\t<\/div>\n\t\t\t\t\t<\/div>\n\t\t<\/section>\n\t\t\t\t<\/div>\n\t\t","protected":false},"excerpt":{"rendered":"<p>Fr\u00edo industrial Camaras frigor\u00edficas Instalamos peque\u00f1as c\u00e1maras frigor\u00edficas de conservaci\u00f3n +5\u00baC \/ +7\u00baC para distintas aplicaciones tales como: Florister\u00edas, Carnicer\u00edas, Fruter\u00edas, Restaurantes.. Tambien suministramos otros productos de hosteleria como: Congeladores horizontales Fabricadores de hielo Armarios expositores refrigerados Vitrinas refrigeradas Armarios de servicio para gastronom\u00eda Siempre a tu servicio<\/p>\n","protected":false},"author":1,"featured_media":0,"parent":2641,"menu_order":0,"comment_status":"closed","ping_status":"closed","template":"elementor_header_footer","meta":{"footnotes":""},"class_list":["post-782","page","type-page","status-publish"],"yoast_head":"<!-- This site is optimized with the Yoast SEO plugin v27.6 - https:\/\/yoast.com\/product\/yoast-seo-wordpress\/ -->\n<title>Frio industrial - SERVIFRED<\/title>\n<meta name=\"description\" content=\"nstalamos peque\u00f1as c\u00e1maras frigor\u00edficas de conservaci\u00f3n +5\u00baC \/ +7\u00baC para distintas aplicaciones tales como:Florister\u00edas, Carnicer\u00edas, Fruter\u00edas, Restaurantes.\" \/>\n<meta name=\"robots\" content=\"index, follow, max-snippet:-1, max-image-preview:large, max-video-preview:-1\" \/>\n<link rel=\"canonical\" href=\"https:\/\/servifred.com\/wordpress\/servicios\/frio-industrial\/\" \/>\n<meta property=\"og:locale\" content=\"es_ES\" \/>\n<meta property=\"og:type\" content=\"article\" \/>\n<meta property=\"og:title\" content=\"Frio industrial - SERVIFRED\" \/>\n<meta property=\"og:description\" content=\"nstalamos peque\u00f1as c\u00e1maras frigor\u00edficas de conservaci\u00f3n +5\u00baC \/ +7\u00baC para distintas aplicaciones tales como:Florister\u00edas, Carnicer\u00edas, Fruter\u00edas, Restaurantes.\" \/>\n<meta property=\"og:url\" content=\"https:\/\/servifred.com\/wordpress\/servicios\/frio-industrial\/\" \/>\n<meta property=\"og:site_name\" content=\"SERVIFRED\" \/>\n<meta property=\"article:publisher\" content=\"https:\/\/www.facebook.com\/Servifred\" \/>\n<meta property=\"article:modified_time\" content=\"2020-05-17T08:39:11+00:00\" \/>\n<meta name=\"twitter:card\" content=\"summary_large_image\" \/>\n<meta name=\"twitter:site\" content=\"@servifredroyo\" \/>\n<script type=\"application\/ld+json\" class=\"yoast-schema-graph\">{\"@context\":\"https:\\\/\\\/schema.org\",\"@graph\":[{\"@type\":\"WebPage\",\"@id\":\"https:\\\/\\\/servifred.com\\\/wordpress\\\/servicios\\\/frio-industrial\\\/\",\"url\":\"https:\\\/\\\/servifred.com\\\/wordpress\\\/servicios\\\/frio-industrial\\\/\",\"name\":\"Frio industrial - SERVIFRED\",\"isPartOf\":{\"@id\":\"https:\\\/\\\/servifred.com\\\/wordpress\\\/#website\"},\"datePublished\":\"2012-11-09T12:39:13+00:00\",\"dateModified\":\"2020-05-17T08:39:11+00:00\",\"description\":\"nstalamos peque\u00f1as c\u00e1maras frigor\u00edficas de conservaci\u00f3n +5\u00baC \\\/ +7\u00baC para distintas aplicaciones tales como:Florister\u00edas, Carnicer\u00edas, Fruter\u00edas, Restaurantes.\",\"breadcrumb\":{\"@id\":\"https:\\\/\\\/servifred.com\\\/wordpress\\\/servicios\\\/frio-industrial\\\/#breadcrumb\"},\"inLanguage\":\"es\",\"potentialAction\":[{\"@type\":\"ReadAction\",\"target\":[\"https:\\\/\\\/servifred.com\\\/wordpress\\\/servicios\\\/frio-industrial\\\/\"]}]},{\"@type\":\"BreadcrumbList\",\"@id\":\"https:\\\/\\\/servifred.com\\\/wordpress\\\/servicios\\\/frio-industrial\\\/#breadcrumb\",\"itemListElement\":[{\"@type\":\"ListItem\",\"position\":1,\"name\":\"Portada\",\"item\":\"https:\\\/\\\/servifred.com\\\/wordpress\\\/\"},{\"@type\":\"ListItem\",\"position\":2,\"name\":\"Servicios\",\"item\":\"https:\\\/\\\/servifred.com\\\/wordpress\\\/servicios\\\/\"},{\"@type\":\"ListItem\",\"position\":3,\"name\":\"Frio industrial\"}]},{\"@type\":\"WebSite\",\"@id\":\"https:\\\/\\\/servifred.com\\\/wordpress\\\/#website\",\"url\":\"https:\\\/\\\/servifred.com\\\/wordpress\\\/\",\"name\":\"SERVIFRED\",\"description\":\"AIRE ACONDICIONADO\",\"publisher\":{\"@id\":\"https:\\\/\\\/servifred.com\\\/wordpress\\\/#organization\"},\"potentialAction\":[{\"@type\":\"SearchAction\",\"target\":{\"@type\":\"EntryPoint\",\"urlTemplate\":\"https:\\\/\\\/servifred.com\\\/wordpress\\\/?s={search_term_string}\"},\"query-input\":{\"@type\":\"PropertyValueSpecification\",\"valueRequired\":true,\"valueName\":\"search_term_string\"}}],\"inLanguage\":\"es\"},{\"@type\":\"Organization\",\"@id\":\"https:\\\/\\\/servifred.com\\\/wordpress\\\/#organization\",\"name\":\"SERVIFRED\",\"url\":\"https:\\\/\\\/servifred.com\\\/wordpress\\\/\",\"logo\":{\"@type\":\"ImageObject\",\"inLanguage\":\"es\",\"@id\":\"https:\\\/\\\/servifred.com\\\/wordpress\\\/#\\\/schema\\\/logo\\\/image\\\/\",\"url\":\"https:\\\/\\\/servifred.com\\\/wordpress\\\/wp-content\\\/uploads\\\/2020\\\/04\\\/SERVIFRED-TRANS.png\",\"contentUrl\":\"https:\\\/\\\/servifred.com\\\/wordpress\\\/wp-content\\\/uploads\\\/2020\\\/04\\\/SERVIFRED-TRANS.png\",\"width\":1047,\"height\":337,\"caption\":\"SERVIFRED\"},\"image\":{\"@id\":\"https:\\\/\\\/servifred.com\\\/wordpress\\\/#\\\/schema\\\/logo\\\/image\\\/\"},\"sameAs\":[\"https:\\\/\\\/www.facebook.com\\\/Servifred\",\"https:\\\/\\\/x.com\\\/servifredroyo\",\"https:\\\/\\\/al.linkedin.com\\\/company\\\/servifred-royo\"]}]}<\/script>\n<!-- \/ Yoast SEO plugin. -->","yoast_head_json":{"title":"Frio industrial - SERVIFRED","description":"nstalamos peque\u00f1as c\u00e1maras frigor\u00edficas de conservaci\u00f3n +5\u00baC \/ +7\u00baC para distintas aplicaciones tales como:Florister\u00edas, Carnicer\u00edas, Fruter\u00edas, Restaurantes.","robots":{"index":"index","follow":"follow","max-snippet":"max-snippet:-1","max-image-preview":"max-image-preview:large","max-video-preview":"max-video-preview:-1"},"canonical":"https:\/\/servifred.com\/wordpress\/servicios\/frio-industrial\/","og_locale":"es_ES","og_type":"article","og_title":"Frio industrial - SERVIFRED","og_description":"nstalamos peque\u00f1as c\u00e1maras frigor\u00edficas de conservaci\u00f3n +5\u00baC \/ +7\u00baC para distintas aplicaciones tales como:Florister\u00edas, Carnicer\u00edas, Fruter\u00edas, Restaurantes.","og_url":"https:\/\/servifred.com\/wordpress\/servicios\/frio-industrial\/","og_site_name":"SERVIFRED","article_publisher":"https:\/\/www.facebook.com\/Servifred","article_modified_time":"2020-05-17T08:39:11+00:00","twitter_card":"summary_large_image","twitter_site":"@servifredroyo","schema":{"@context":"https:\/\/schema.org","@graph":[{"@type":"WebPage","@id":"https:\/\/servifred.com\/wordpress\/servicios\/frio-industrial\/","url":"https:\/\/servifred.com\/wordpress\/servicios\/frio-industrial\/","name":"Frio industrial - SERVIFRED","isPartOf":{"@id":"https:\/\/servifred.com\/wordpress\/#website"},"datePublished":"2012-11-09T12:39:13+00:00","dateModified":"2020-05-17T08:39:11+00:00","description":"nstalamos peque\u00f1as c\u00e1maras frigor\u00edficas de conservaci\u00f3n +5\u00baC \/ +7\u00baC para distintas aplicaciones tales como:Florister\u00edas, Carnicer\u00edas, Fruter\u00edas, Restaurantes.","breadcrumb":{"@id":"https:\/\/servifred.com\/wordpress\/servicios\/frio-industrial\/#breadcrumb"},"inLanguage":"es","potentialAction":[{"@type":"ReadAction","target":["https:\/\/servifred.com\/wordpress\/servicios\/frio-industrial\/"]}]},{"@type":"BreadcrumbList","@id":"https:\/\/servifred.com\/wordpress\/servicios\/frio-industrial\/#breadcrumb","itemListElement":[{"@type":"ListItem","position":1,"name":"Portada","item":"https:\/\/servifred.com\/wordpress\/"},{"@type":"ListItem","position":2,"name":"Servicios","item":"https:\/\/servifred.com\/wordpress\/servicios\/"},{"@type":"ListItem","position":3,"name":"Frio industrial"}]},{"@type":"WebSite","@id":"https:\/\/servifred.com\/wordpress\/#website","url":"https:\/\/servifred.com\/wordpress\/","name":"SERVIFRED","description":"AIRE ACONDICIONADO","publisher":{"@id":"https:\/\/servifred.com\/wordpress\/#organization"},"potentialAction":[{"@type":"SearchAction","target":{"@type":"EntryPoint","urlTemplate":"https:\/\/servifred.com\/wordpress\/?s={search_term_string}"},"query-input":{"@type":"PropertyValueSpecification","valueRequired":true,"valueName":"search_term_string"}}],"inLanguage":"es"},{"@type":"Organization","@id":"https:\/\/servifred.com\/wordpress\/#organization","name":"SERVIFRED","url":"https:\/\/servifred.com\/wordpress\/","logo":{"@type":"ImageObject","inLanguage":"es","@id":"https:\/\/servifred.com\/wordpress\/#\/schema\/logo\/image\/","url":"https:\/\/servifred.com\/wordpress\/wp-content\/uploads\/2020\/04\/SERVIFRED-TRANS.png","contentUrl":"https:\/\/servifred.com\/wordpress\/wp-content\/uploads\/2020\/04\/SERVIFRED-TRANS.png","width":1047,"height":337,"caption":"SERVIFRED"},"image":{"@id":"https:\/\/servifred.com\/wordpress\/#\/schema\/logo\/image\/"},"sameAs":["https:\/\/www.facebook.com\/Servifred","https:\/\/x.com\/servifredroyo","https:\/\/al.linkedin.com\/company\/servifred-royo"]}]}},"_links":{"self":[{"href":"https:\/\/servifred.com\/wordpress\/wp-json\/wp\/v2\/pages\/782","targetHints":{"allow":["GET"]}}],"collection":[{"href":"https:\/\/servifred.com\/wordpress\/wp-json\/wp\/v2\/pages"}],"about":[{"href":"https:\/\/servifred.com\/wordpress\/wp-json\/wp\/v2\/types\/page"}],"author":[{"embeddable":true,"href":"https:\/\/servifred.com\/wordpress\/wp-json\/wp\/v2\/users\/1"}],"replies":[{"embeddable":true,"href":"https:\/\/servifred.com\/wordpress\/wp-json\/wp\/v2\/comments?post=782"}],"version-history":[{"count":116,"href":"https:\/\/servifred.com\/wordpress\/wp-json\/wp\/v2\/pages\/782\/revisions"}],"predecessor-version":[{"id":4125,"href":"https:\/\/servifred.com\/wordpress\/wp-json\/wp\/v2\/pages\/782\/revisions\/4125"}],"up":[{"embeddable":true,"href":"https:\/\/servifred.com\/wordpress\/wp-json\/wp\/v2\/pages\/2641"}],"wp:attachment":[{"href":"https:\/\/servifred.com\/wordpress\/wp-json\/wp\/v2\/media?parent=782"}],"curies":[{"name":"wp","href":"https:\/\/api.w.org\/{rel}","templated":true}]}}